{"id":176244,"date":"2022-08-12T13:28:13","date_gmt":"2022-08-12T16:28:13","guid":{"rendered":"https:\/\/www.livrariarema.com.br\/loja\/produtos\/sem%20categoria\/caneca-de-porcelana-urban-360ml-amigas-assim-so-nos\/"},"modified":"2026-04-28T09:20:02","modified_gmt":"2026-04-28T12:20:02","slug":"caneca-de-porcelana-urban-360ml-amigas-assim-so-nos","status":"publish","type":"product","link":"https:\/\/www.livrariarema.com.br\/loja\/produtos\/diversos\/caneca\/caneca-de-porcelana-urban-360ml-amigas-assim-so-nos\/","title":{"rendered":"Caneca De Porcelana &#8211; Urban 300Ml &#8211; Amigas Assim S\u00f3 N\u00f3s"},"content":{"rendered":"<p>A verdadeira amizade n\u00e3o marca o tempo. N\u00e3o importa se entrou na minha vida h\u00e1 muitos anos ou h\u00e1 uns dias. Presenteie sua melhor amiga (quase uma irm\u00e3), com a CANECA PORCELANA URBAN 360ML &#8211; AMIGAS ASSIM S\u00d3 N\u00d3S e demonstre todo seu carinho e respeito por essa forte amizade.<\/p>\n<p>A CANECA URBAN \u00e9 fabricada em porcelana de alta qualidade que garante maior durabilidade durante seu uso. Ela \u00e9 perfeita para voc\u00ea apreciar sua bebida favorita de um jeito todo especial.<\/p>\n<p>A Linha de CANECA URBAN \u00e9 um item essencial no seu caf\u00e9 da manh\u00e3, al\u00e9m disso voc\u00ea pode us\u00e1-la como porta treco, porta l\u00e1pis ou presentear algu\u00e9m especial.<\/p>\n<p>Caracter\u00edsticas:<\/p>\n<p>Altura: 9 cm<br \/>\nDi\u00e2metro: 8.5 cm<br \/>\nCapacidade: 300 ml<br \/>\nCont\u00e9m 1 caneca<\/p>\n<p>Cuidados:<br \/>\nLavar com \u00e1gua e sab\u00e3o neutro<br \/>\nN\u00e3o utilizar produtos qu\u00edmicos e abrasivos<br \/>\nImpactos podem danificar o produto<\/p>\n","protected":false},"excerpt":{"rendered":"<p>A verdadeira amizade n\u00e3o marca o tempo. N\u00e3o importa se entrou na minha vida h\u00e1 muitos anos ou h\u00e1 uns&hellip;<\/p>\n","protected":false},"featured_media":347299,"comment_status":"open","ping_status":"closed","template":"","meta":[],"product_cat":[235,132],"product_tag":[],"_links":{"self":[{"href":"https:\/\/www.livrariarema.com.br\/loja\/wp-json\/wp\/v2\/product\/176244"}],"collection":[{"href":"https:\/\/www.livrariarema.com.br\/loja\/wp-json\/wp\/v2\/product"}],"about":[{"href":"https:\/\/www.livrariarema.com.br\/loja\/wp-json\/wp\/v2\/types\/product"}],"replies":[{"embeddable":true,"href":"https:\/\/www.livrariarema.com.br\/loja\/wp-json\/wp\/v2\/comments?post=176244"}],"wp:featuredmedia":[{"embeddable":true,"href":"https:\/\/www.livrariarema.com.br\/loja\/wp-json\/wp\/v2\/media\/347299"}],"wp:attachment":[{"href":"https:\/\/www.livrariarema.com.br\/loja\/wp-json\/wp\/v2\/media?parent=176244"}],"wp:term":[{"taxonomy":"product_cat","embeddable":true,"href":"https:\/\/www.livrariarema.com.br\/loja\/wp-json\/wp\/v2\/product_cat?post=176244"},{"taxonomy":"product_tag","embeddable":true,"href":"https:\/\/www.livrariarema.com.br\/loja\/wp-json\/wp\/v2\/product_tag?post=176244"}],"curies":[{"name":"wp","href":"https:\/\/api.w.org\/{rel}","templated":true}]}}