{"id":176246,"date":"2022-08-12T13:28:17","date_gmt":"2022-08-12T16:28:17","guid":{"rendered":"https:\/\/www.livrariarema.com.br\/loja\/produtos\/sem%20categoria\/caneca-de-porcelana-urban-360ml-fe-na-vida\/"},"modified":"2026-04-28T09:21:20","modified_gmt":"2026-04-28T12:21:20","slug":"caneca-de-porcelana-urban-360ml-fe-na-vida","status":"publish","type":"product","link":"https:\/\/www.livrariarema.com.br\/loja\/produtos\/diversos\/caneca\/caneca-de-porcelana-urban-360ml-fe-na-vida\/","title":{"rendered":"Caneca De Porcelana &#8211; Urban 300Ml &#8211; F\u00e9 Na Vida"},"content":{"rendered":"<p>A Caneca Porcelana Urban \u00e9 essencial para voc\u00ea apreciar suas bebidas favoritas nos momentos mais aconchegantes da vida. Al\u00e9m disso voc\u00ea pode us\u00e1-la como porta treco, porta l\u00e1pis ou presentear algu\u00e9m especial.<\/p>\n<p>Ela \u00e9 fabricada em porcelana de alta qualidade que garante maior durabilidade durante seu uso e possui estampas \u00fanicas para deixar o ambiente ainda mais divertido e estiloso.<\/p>\n<p>Caracter\u00edsticas<br \/>\nAltura: 13,5 cm<br \/>\nCapacidade: 300 ml<br \/>\nCont\u00e9m 1 caneca<\/p>\n<p>Cuidados<br \/>\nLavar com \u00e1gua e sab\u00e3o neutro<br \/>\nN\u00e3o usar produtos qu\u00edmicos e abrasivos<br \/>\nImpactos podem danificar o produto<\/p>\n","protected":false},"excerpt":{"rendered":"<p>A Caneca Porcelana Urban \u00e9 essencial para voc\u00ea apreciar suas bebidas favoritas nos momentos mais aconchegantes da vida. Al\u00e9m disso&hellip;<\/p>\n","protected":false},"featured_media":347304,"comment_status":"open","ping_status":"closed","template":"","meta":[],"product_cat":[235,132],"product_tag":[],"_links":{"self":[{"href":"https:\/\/www.livrariarema.com.br\/loja\/wp-json\/wp\/v2\/product\/176246"}],"collection":[{"href":"https:\/\/www.livrariarema.com.br\/loja\/wp-json\/wp\/v2\/product"}],"about":[{"href":"https:\/\/www.livrariarema.com.br\/loja\/wp-json\/wp\/v2\/types\/product"}],"replies":[{"embeddable":true,"href":"https:\/\/www.livrariarema.com.br\/loja\/wp-json\/wp\/v2\/comments?post=176246"}],"wp:featuredmedia":[{"embeddable":true,"href":"https:\/\/www.livrariarema.com.br\/loja\/wp-json\/wp\/v2\/media\/347304"}],"wp:attachment":[{"href":"https:\/\/www.livrariarema.com.br\/loja\/wp-json\/wp\/v2\/media?parent=176246"}],"wp:term":[{"taxonomy":"product_cat","embeddable":true,"href":"https:\/\/www.livrariarema.com.br\/loja\/wp-json\/wp\/v2\/product_cat?post=176246"},{"taxonomy":"product_tag","embeddable":true,"href":"https:\/\/www.livrariarema.com.br\/loja\/wp-json\/wp\/v2\/product_tag?post=176246"}],"curies":[{"name":"wp","href":"https:\/\/api.w.org\/{rel}","templated":true}]}}