{"id":177338,"date":"2022-08-17T17:47:46","date_gmt":"2022-08-17T20:47:46","guid":{"rendered":"https:\/\/www.livrariarema.com.br\/loja\/produtos\/sem%20categoria\/tesoura-escolar-leoleo-pets\/"},"modified":"2026-03-17T16:00:45","modified_gmt":"2026-03-17T19:00:45","slug":"tesoura-escolar-leoleo-pets","status":"publish","type":"product","link":"https:\/\/www.livrariarema.com.br\/loja\/produtos\/papelaria\/fita-adesiva\/tesoura-escolar-leoleo-pets\/","title":{"rendered":"Tesoura &#8211; Leo&amp;Leo &#8211; Escolar &#8211; Pets"},"content":{"rendered":"<p>A Tesoura Pets com formato macaquinho, porquinho, ratinho, vaquinha ou cachorinho  \u00e9 super fofa e divertida, possui cabo emborrachado, capa protetora, ponta redonda e l\u00e2mina em a\u00e7o inox. <\/p>\n<p>Vendido individualmente<\/p>\n<p>Consultar disponibilidade de modelos<\/p>\n","protected":false},"excerpt":{"rendered":"<p>A Tesoura Pets com formato macaquinho, porquinho, ratinho, vaquinha ou cachorinho \u00e9 super fofa e divertida, possui cabo emborrachado, capa&hellip;<\/p>\n","protected":false},"featured_media":320029,"comment_status":"open","ping_status":"closed","template":"","meta":[],"product_cat":[294,215],"product_tag":[],"_links":{"self":[{"href":"https:\/\/www.livrariarema.com.br\/loja\/wp-json\/wp\/v2\/product\/177338"}],"collection":[{"href":"https:\/\/www.livrariarema.com.br\/loja\/wp-json\/wp\/v2\/product"}],"about":[{"href":"https:\/\/www.livrariarema.com.br\/loja\/wp-json\/wp\/v2\/types\/product"}],"replies":[{"embeddable":true,"href":"https:\/\/www.livrariarema.com.br\/loja\/wp-json\/wp\/v2\/comments?post=177338"}],"wp:featuredmedia":[{"embeddable":true,"href":"https:\/\/www.livrariarema.com.br\/loja\/wp-json\/wp\/v2\/media\/320029"}],"wp:attachment":[{"href":"https:\/\/www.livrariarema.com.br\/loja\/wp-json\/wp\/v2\/media?parent=177338"}],"wp:term":[{"taxonomy":"product_cat","embeddable":true,"href":"https:\/\/www.livrariarema.com.br\/loja\/wp-json\/wp\/v2\/product_cat?post=177338"},{"taxonomy":"product_tag","embeddable":true,"href":"https:\/\/www.livrariarema.com.br\/loja\/wp-json\/wp\/v2\/product_tag?post=177338"}],"curies":[{"name":"wp","href":"https:\/\/api.w.org\/{rel}","templated":true}]}}