{"id":177412,"date":"2022-08-17T17:56:22","date_gmt":"2022-08-17T20:56:22","guid":{"rendered":"https:\/\/www.livrariarema.com.br\/loja\/produtos\/sem categoria\/massa-de-modelar-leoleo-buu-1-cor-e-2-pecas\/"},"modified":"2026-02-12T11:10:48","modified_gmt":"2026-02-12T14:10:48","slug":"massa-de-modelar-leoleo-buu-1-cor-e-2-pecas","status":"publish","type":"product","link":"https:\/\/www.livrariarema.com.br\/loja\/produtos\/promocao\/papelaria-promocao\/massa-de-modelar-leoleo-buu-1-cor-e-2-pecas\/","title":{"rendered":"Massa De Modelar &#8211; Leo&amp;Leo &#8211; Buu &#8211; 1 Cor E 2 Pe\u00e7as"},"content":{"rendered":"<p>Crie seu pr\u00f3prio monstrinho! Cada kit da linha BUU vem com uma cor de massinha + 2 ferramentas para deixar o seu monstrinho ainda mais divertido. E voc\u00ea pode usar a pr\u00f3pria embalagem como molde para dar forma a uma criaturinha muito especial. Itens colecion\u00e1veis: s\u00e3o 6 modelos diferentes de monstros. As massinhas Leo&amp;Leo s\u00e3o feitas \u00e0 base de amido, at\u00f3xicas e certificadas pelo Inmetro. Indicadas para crian\u00e7as acima de 3 anos (por conter pe\u00e7as pequenas).<br \/>\n<Br><br \/>\nVendido separadamente<Br><\/p>\n","protected":false},"excerpt":{"rendered":"<p>Crie seu pr\u00f3prio monstrinho! Cada kit da linha BUU vem com uma cor de massinha + 2 ferramentas para deixar&hellip;<\/p>\n","protected":false},"featured_media":342867,"comment_status":"open","ping_status":"closed","template":"","meta":[],"product_cat":[307,142],"product_tag":[],"_links":{"self":[{"href":"https:\/\/www.livrariarema.com.br\/loja\/wp-json\/wp\/v2\/product\/177412"}],"collection":[{"href":"https:\/\/www.livrariarema.com.br\/loja\/wp-json\/wp\/v2\/product"}],"about":[{"href":"https:\/\/www.livrariarema.com.br\/loja\/wp-json\/wp\/v2\/types\/product"}],"replies":[{"embeddable":true,"href":"https:\/\/www.livrariarema.com.br\/loja\/wp-json\/wp\/v2\/comments?post=177412"}],"wp:featuredmedia":[{"embeddable":true,"href":"https:\/\/www.livrariarema.com.br\/loja\/wp-json\/wp\/v2\/media\/342867"}],"wp:attachment":[{"href":"https:\/\/www.livrariarema.com.br\/loja\/wp-json\/wp\/v2\/media?parent=177412"}],"wp:term":[{"taxonomy":"product_cat","embeddable":true,"href":"https:\/\/www.livrariarema.com.br\/loja\/wp-json\/wp\/v2\/product_cat?post=177412"},{"taxonomy":"product_tag","embeddable":true,"href":"https:\/\/www.livrariarema.com.br\/loja\/wp-json\/wp\/v2\/product_tag?post=177412"}],"curies":[{"name":"wp","href":"https:\/\/api.w.org\/{rel}","templated":true}]}}