{"id":177425,"date":"2022-08-17T17:56:55","date_gmt":"2022-08-17T20:56:55","guid":{"rendered":"https:\/\/www.livrariarema.com.br\/loja\/produtos\/sem categoria\/giz-de-cera-leoleo-pequeno-12-cores\/"},"modified":"2025-05-27T09:21:18","modified_gmt":"2025-05-27T12:21:18","slug":"giz-de-cera-leoleo-pequeno-12-cores","status":"publish","type":"product","link":"https:\/\/www.livrariarema.com.br\/loja\/produtos\/papelaria\/giz-de-cera\/giz-de-cera-leoleo-pequeno-12-cores\/","title":{"rendered":"Giz De Cera &#8211; Leo&amp;Leo &#8211; Pequeno &#8211; 12 Cores"},"content":{"rendered":"<p>O Giz de Cera \u00e9 indicado para desenhar, escrever e pintar sobre papel, cartolina, papel cart\u00e3o e trabalhos com acabamentos art\u00edsticos.<\/p>\n","protected":false},"excerpt":{"rendered":"<p>O Giz de Cera \u00e9 indicado para desenhar, escrever e pintar sobre papel, cartolina, papel cart\u00e3o e trabalhos com acabamentos&hellip;<\/p>\n","protected":false},"featured_media":317284,"comment_status":"open","ping_status":"closed","template":"","meta":[],"product_cat":[286,215],"product_tag":[],"_links":{"self":[{"href":"https:\/\/www.livrariarema.com.br\/loja\/wp-json\/wp\/v2\/product\/177425"}],"collection":[{"href":"https:\/\/www.livrariarema.com.br\/loja\/wp-json\/wp\/v2\/product"}],"about":[{"href":"https:\/\/www.livrariarema.com.br\/loja\/wp-json\/wp\/v2\/types\/product"}],"replies":[{"embeddable":true,"href":"https:\/\/www.livrariarema.com.br\/loja\/wp-json\/wp\/v2\/comments?post=177425"}],"wp:featuredmedia":[{"embeddable":true,"href":"https:\/\/www.livrariarema.com.br\/loja\/wp-json\/wp\/v2\/media\/317284"}],"wp:attachment":[{"href":"https:\/\/www.livrariarema.com.br\/loja\/wp-json\/wp\/v2\/media?parent=177425"}],"wp:term":[{"taxonomy":"product_cat","embeddable":true,"href":"https:\/\/www.livrariarema.com.br\/loja\/wp-json\/wp\/v2\/product_cat?post=177425"},{"taxonomy":"product_tag","embeddable":true,"href":"https:\/\/www.livrariarema.com.br\/loja\/wp-json\/wp\/v2\/product_tag?post=177425"}],"curies":[{"name":"wp","href":"https:\/\/api.w.org\/{rel}","templated":true}]}}