{"id":177435,"date":"2022-08-17T17:57:30","date_gmt":"2022-08-17T20:57:30","guid":{"rendered":"https:\/\/www.livrariarema.com.br\/loja\/produtos\/sem categoria\/garrafa-termica-leoarte-plantaholic-500ml-branca\/"},"modified":"2026-04-27T15:40:37","modified_gmt":"2026-04-27T18:40:37","slug":"garrafa-termica-leoarte-plantaholic-500ml-branca","status":"publish","type":"product","link":"https:\/\/www.livrariarema.com.br\/loja\/produtos\/diversos\/decoracao\/garrafa-termica-leoarte-plantaholic-500ml-branca\/","title":{"rendered":"Garrafa T\u00e9rmica &#8211; Leoarte &#8211; Plantaholic &#8211; 500Ml &#8211; Branca"},"content":{"rendered":"<p>Sinta o gostinho de praticidade e sustentabilidade com a sua garrafa t\u00e9rmica da linha Plantaholic. Ela \u00e9 perfeita para armazenar e conservar l\u00edquidos quentes ou frios e possui um sistema de fechamento muito mais seguro para evitar vazamentos. \u00c9 o jeito mais f\u00e1cil e inteligente de deixar os copos de pl\u00e1sticos de lado e preservar o meio ambiente. Caracter\u00edsticas: veda\u00e7\u00e3o interna de silicone, tampa com bot\u00e3o e trava, capacidade 500ml.<\/p>\n","protected":false},"excerpt":{"rendered":"<p>Sinta o gostinho de praticidade e sustentabilidade com a sua garrafa t\u00e9rmica da linha Plantaholic. Ela \u00e9 perfeita para armazenar&hellip;<\/p>\n","protected":false},"featured_media":306704,"comment_status":"open","ping_status":"closed","template":"","meta":[],"product_cat":[255,132],"product_tag":[],"_links":{"self":[{"href":"https:\/\/www.livrariarema.com.br\/loja\/wp-json\/wp\/v2\/product\/177435"}],"collection":[{"href":"https:\/\/www.livrariarema.com.br\/loja\/wp-json\/wp\/v2\/product"}],"about":[{"href":"https:\/\/www.livrariarema.com.br\/loja\/wp-json\/wp\/v2\/types\/product"}],"replies":[{"embeddable":true,"href":"https:\/\/www.livrariarema.com.br\/loja\/wp-json\/wp\/v2\/comments?post=177435"}],"wp:featuredmedia":[{"embeddable":true,"href":"https:\/\/www.livrariarema.com.br\/loja\/wp-json\/wp\/v2\/media\/306704"}],"wp:attachment":[{"href":"https:\/\/www.livrariarema.com.br\/loja\/wp-json\/wp\/v2\/media?parent=177435"}],"wp:term":[{"taxonomy":"product_cat","embeddable":true,"href":"https:\/\/www.livrariarema.com.br\/loja\/wp-json\/wp\/v2\/product_cat?post=177435"},{"taxonomy":"product_tag","embeddable":true,"href":"https:\/\/www.livrariarema.com.br\/loja\/wp-json\/wp\/v2\/product_tag?post=177435"}],"curies":[{"name":"wp","href":"https:\/\/api.w.org\/{rel}","templated":true}]}}