{"id":177564,"date":"2022-08-18T09:47:24","date_gmt":"2022-08-18T12:47:24","guid":{"rendered":"https:\/\/www.livrariarema.com.br\/loja\/produtos\/sem categoria\/regua-leoleo-aluminio-30-cm\/"},"modified":"2025-12-12T15:10:53","modified_gmt":"2025-12-12T18:10:53","slug":"regua-leoleo-aluminio-30-cm","status":"publish","type":"product","link":"https:\/\/www.livrariarema.com.br\/loja\/produtos\/papelaria\/regua\/regua-leoleo-aluminio-30-cm\/","title":{"rendered":"R\u00e9gua &#8211; Leo&amp;Leo &#8211; Alum\u00ednio &#8211; 30 Cm"},"content":{"rendered":"<p>A R\u00e9gua de Alum\u00ednio possui escala em cent\u00edmetros e polegadas, \u00e9 firme e resistente sendo extramamente vers\u00e1til podendo utiliz\u00e1-la nas rotinas escolares, office e artesanato.<\/p>\n","protected":false},"excerpt":{"rendered":"<p>A R\u00e9gua de Alum\u00ednio possui escala em cent\u00edmetros e polegadas, \u00e9 firme e resistente sendo extramamente vers\u00e1til podendo utiliz\u00e1-la nas&hellip;<\/p>\n","protected":false},"featured_media":304149,"comment_status":"open","ping_status":"closed","template":"","meta":[],"product_cat":[215,265],"product_tag":[],"_links":{"self":[{"href":"https:\/\/www.livrariarema.com.br\/loja\/wp-json\/wp\/v2\/product\/177564"}],"collection":[{"href":"https:\/\/www.livrariarema.com.br\/loja\/wp-json\/wp\/v2\/product"}],"about":[{"href":"https:\/\/www.livrariarema.com.br\/loja\/wp-json\/wp\/v2\/types\/product"}],"replies":[{"embeddable":true,"href":"https:\/\/www.livrariarema.com.br\/loja\/wp-json\/wp\/v2\/comments?post=177564"}],"wp:featuredmedia":[{"embeddable":true,"href":"https:\/\/www.livrariarema.com.br\/loja\/wp-json\/wp\/v2\/media\/304149"}],"wp:attachment":[{"href":"https:\/\/www.livrariarema.com.br\/loja\/wp-json\/wp\/v2\/media?parent=177564"}],"wp:term":[{"taxonomy":"product_cat","embeddable":true,"href":"https:\/\/www.livrariarema.com.br\/loja\/wp-json\/wp\/v2\/product_cat?post=177564"},{"taxonomy":"product_tag","embeddable":true,"href":"https:\/\/www.livrariarema.com.br\/loja\/wp-json\/wp\/v2\/product_tag?post=177564"}],"curies":[{"name":"wp","href":"https:\/\/api.w.org\/{rel}","templated":true}]}}