{"id":177593,"date":"2022-08-18T09:51:35","date_gmt":"2022-08-18T12:51:35","guid":{"rendered":"https:\/\/www.livrariarema.com.br\/loja\/produtos\/sem categoria\/em-defesa-do-sexo-incrivel-sheila-wray-gregoire\/"},"modified":"2026-04-20T18:20:32","modified_gmt":"2026-04-20T21:20:32","slug":"em-defesa-do-sexo-incrivel-sheila-wray-gregoire","status":"publish","type":"product","link":"https:\/\/www.livrariarema.com.br\/loja\/produtos\/promocao\/livros-promocao\/em-defesa-do-sexo-incrivel-sheila-wray-gregoire\/","title":{"rendered":"Em Defesa Do Sexo Incr\u00edvel &#8211; Sheila Wray Gregoire"},"content":{"rendered":"<p>E se o que os livros crist\u00e3os costumam ensinar sobre sexo s\u00f3 piora a situa\u00e7\u00e3o? Muitos livros crist\u00e3os sobre casamento retratam os homens como m\u00e1quinas de sexo e as mulheres como seres passionais que aceitar\u00e3o o sexo apenas por pura submiss\u00e3o. Mas o ideal b\u00edblico sobre sexo nunca foi esse. Pelo contr\u00e1rio, Deus deseja que o sexo seja pessoal, prazeroso, puro, priorit\u00e1rio, sem press\u00f5es, amoroso e apaixonante &#8211; para ambos os c\u00f4njuges. Com base em uma pesquisa revolucion\u00e1ria envolvendo mais de vinte mil mulheres, Em defesa do sexo incr\u00edvel exp\u00f5e o que est\u00e1 acontecendo na intimidade dos casais crist\u00e3os e denuncia os erros que est\u00e3o estragando a vida sexual de muitos casais &#8211; ao mesmo tempo que meostra o caminho para o retorno do sexo realmente bom (tamb\u00e9m para as mulheres).<\/p>\n","protected":false},"excerpt":{"rendered":"<p>E se o que os livros crist\u00e3os costumam ensinar sobre sexo s\u00f3 piora a situa\u00e7\u00e3o? Muitos livros crist\u00e3os sobre casamento&hellip;<\/p>\n","protected":false},"featured_media":345252,"comment_status":"open","ping_status":"closed","template":"","meta":[],"product_cat":[143,142],"product_tag":[],"_links":{"self":[{"href":"https:\/\/www.livrariarema.com.br\/loja\/wp-json\/wp\/v2\/product\/177593"}],"collection":[{"href":"https:\/\/www.livrariarema.com.br\/loja\/wp-json\/wp\/v2\/product"}],"about":[{"href":"https:\/\/www.livrariarema.com.br\/loja\/wp-json\/wp\/v2\/types\/product"}],"replies":[{"embeddable":true,"href":"https:\/\/www.livrariarema.com.br\/loja\/wp-json\/wp\/v2\/comments?post=177593"}],"wp:featuredmedia":[{"embeddable":true,"href":"https:\/\/www.livrariarema.com.br\/loja\/wp-json\/wp\/v2\/media\/345252"}],"wp:attachment":[{"href":"https:\/\/www.livrariarema.com.br\/loja\/wp-json\/wp\/v2\/media?parent=177593"}],"wp:term":[{"taxonomy":"product_cat","embeddable":true,"href":"https:\/\/www.livrariarema.com.br\/loja\/wp-json\/wp\/v2\/product_cat?post=177593"},{"taxonomy":"product_tag","embeddable":true,"href":"https:\/\/www.livrariarema.com.br\/loja\/wp-json\/wp\/v2\/product_tag?post=177593"}],"curies":[{"name":"wp","href":"https:\/\/api.w.org\/{rel}","templated":true}]}}