{"id":179494,"date":"2022-09-01T09:27:07","date_gmt":"2022-09-01T12:27:07","guid":{"rendered":"https:\/\/www.livrariarema.com.br\/loja\/produtos\/sem%20categoria\/bloco-de-notas-brw-smart-notes-76mm-x-102mm-verde-100fls\/"},"modified":"2025-12-20T14:56:05","modified_gmt":"2025-12-20T17:56:05","slug":"bloco-de-notas-brw-smart-notes-76mm-x-102mm-verde-100fls","status":"publish","type":"product","link":"https:\/\/www.livrariarema.com.br\/loja\/produtos\/papelaria\/bloco\/bloco-de-notas-brw-smart-notes-76mm-x-102mm-verde-100fls\/","title":{"rendered":"Bloco De Notas &#8211; Brw &#8211; Smart Notes &#8211; 76Mm X 102Mm &#8211; Verde Neon &#8211; 100Fls"},"content":{"rendered":"<p>Papel e Adesivo Acr\u00edlico<br \/>\nRecicl\u00e1vel<br \/>\nN\u00e3o t\u00f3xico<\/p>\n","protected":false},"excerpt":{"rendered":"<p>Papel e Adesivo Acr\u00edlico Recicl\u00e1vel N\u00e3o t\u00f3xico<\/p>\n","protected":false},"featured_media":0,"comment_status":"open","ping_status":"closed","template":"","meta":[],"product_cat":[239,215],"product_tag":[],"_links":{"self":[{"href":"https:\/\/www.livrariarema.com.br\/loja\/wp-json\/wp\/v2\/product\/179494"}],"collection":[{"href":"https:\/\/www.livrariarema.com.br\/loja\/wp-json\/wp\/v2\/product"}],"about":[{"href":"https:\/\/www.livrariarema.com.br\/loja\/wp-json\/wp\/v2\/types\/product"}],"replies":[{"embeddable":true,"href":"https:\/\/www.livrariarema.com.br\/loja\/wp-json\/wp\/v2\/comments?post=179494"}],"wp:attachment":[{"href":"https:\/\/www.livrariarema.com.br\/loja\/wp-json\/wp\/v2\/media?parent=179494"}],"wp:term":[{"taxonomy":"product_cat","embeddable":true,"href":"https:\/\/www.livrariarema.com.br\/loja\/wp-json\/wp\/v2\/product_cat?post=179494"},{"taxonomy":"product_tag","embeddable":true,"href":"https:\/\/www.livrariarema.com.br\/loja\/wp-json\/wp\/v2\/product_tag?post=179494"}],"curies":[{"name":"wp","href":"https:\/\/api.w.org\/{rel}","templated":true}]}}