{"id":179704,"date":"2022-09-01T09:56:56","date_gmt":"2022-09-01T12:56:56","guid":{"rendered":"https:\/\/www.livrariarema.com.br\/loja\/produtos\/sem categoria\/bloco-de-notas-brw-smart-notes-76mm-x-76mm-preto-50fls\/"},"modified":"2025-02-07T14:10:10","modified_gmt":"2025-02-07T17:10:10","slug":"bloco-de-notas-brw-smart-notes-76mm-x-76mm-preto-50fls","status":"publish","type":"product","link":"https:\/\/www.livrariarema.com.br\/loja\/produtos\/papelaria\/bloco\/bloco-de-notas-brw-smart-notes-76mm-x-76mm-preto-50fls\/","title":{"rendered":"Bloco De Notas &#8211; Brw &#8211; Smart Notes &#8211; 76Mm X 76Mm &#8211; Preto &#8211; 50Fls"},"content":{"rendered":"<p>50 folhas<br \/>\nTamanho: 76x76mm<br \/>\nComposi\u00e7\u00e3o: papel e adesivo acr\u00edlico<\/p>\n","protected":false},"excerpt":{"rendered":"<p>50 folhas Tamanho: 76x76mm Composi\u00e7\u00e3o: papel e adesivo acr\u00edlico<\/p>\n","protected":false},"featured_media":315315,"comment_status":"open","ping_status":"closed","template":"","meta":[],"product_cat":[239,215],"product_tag":[],"_links":{"self":[{"href":"https:\/\/www.livrariarema.com.br\/loja\/wp-json\/wp\/v2\/product\/179704"}],"collection":[{"href":"https:\/\/www.livrariarema.com.br\/loja\/wp-json\/wp\/v2\/product"}],"about":[{"href":"https:\/\/www.livrariarema.com.br\/loja\/wp-json\/wp\/v2\/types\/product"}],"replies":[{"embeddable":true,"href":"https:\/\/www.livrariarema.com.br\/loja\/wp-json\/wp\/v2\/comments?post=179704"}],"wp:featuredmedia":[{"embeddable":true,"href":"https:\/\/www.livrariarema.com.br\/loja\/wp-json\/wp\/v2\/media\/315315"}],"wp:attachment":[{"href":"https:\/\/www.livrariarema.com.br\/loja\/wp-json\/wp\/v2\/media?parent=179704"}],"wp:term":[{"taxonomy":"product_cat","embeddable":true,"href":"https:\/\/www.livrariarema.com.br\/loja\/wp-json\/wp\/v2\/product_cat?post=179704"},{"taxonomy":"product_tag","embeddable":true,"href":"https:\/\/www.livrariarema.com.br\/loja\/wp-json\/wp\/v2\/product_tag?post=179704"}],"curies":[{"name":"wp","href":"https:\/\/api.w.org\/{rel}","templated":true}]}}