{"id":179734,"date":"2022-09-01T09:58:09","date_gmt":"2022-09-01T12:58:09","guid":{"rendered":"https:\/\/www.livrariarema.com.br\/loja\/produtos\/sem categoria\/bloco-de-notas-brw-smart-notes-76mm-x-76mm-line-kraft-50fls\/"},"modified":"2026-04-07T11:21:08","modified_gmt":"2026-04-07T14:21:08","slug":"bloco-de-notas-brw-smart-notes-76mm-x-76mm-line-kraft-50fls","status":"publish","type":"product","link":"https:\/\/www.livrariarema.com.br\/loja\/produtos\/papelaria\/bloco\/bloco-de-notas-brw-smart-notes-76mm-x-76mm-line-kraft-50fls\/","title":{"rendered":"Bloco De Notas &#8211; Brw &#8211; Smart Notes &#8211; 76Mm X 76Mm &#8211; Line Kraft &#8211; 50Fls"},"content":{"rendered":"<p>Super legal para voc\u00ea decorar o seu caderno e fazer suas anota\u00e7\u00f5es.<\/p>\n<p>50 folhas de 76mm x 76mm<br \/>\n1 bloco<\/p>\n","protected":false},"excerpt":{"rendered":"<p>Super legal para voc\u00ea decorar o seu caderno e fazer suas anota\u00e7\u00f5es. 50 folhas de 76mm x 76mm 1 bloco<\/p>\n","protected":false},"featured_media":340075,"comment_status":"open","ping_status":"closed","template":"","meta":[],"product_cat":[239,215],"product_tag":[],"_links":{"self":[{"href":"https:\/\/www.livrariarema.com.br\/loja\/wp-json\/wp\/v2\/product\/179734"}],"collection":[{"href":"https:\/\/www.livrariarema.com.br\/loja\/wp-json\/wp\/v2\/product"}],"about":[{"href":"https:\/\/www.livrariarema.com.br\/loja\/wp-json\/wp\/v2\/types\/product"}],"replies":[{"embeddable":true,"href":"https:\/\/www.livrariarema.com.br\/loja\/wp-json\/wp\/v2\/comments?post=179734"}],"wp:featuredmedia":[{"embeddable":true,"href":"https:\/\/www.livrariarema.com.br\/loja\/wp-json\/wp\/v2\/media\/340075"}],"wp:attachment":[{"href":"https:\/\/www.livrariarema.com.br\/loja\/wp-json\/wp\/v2\/media?parent=179734"}],"wp:term":[{"taxonomy":"product_cat","embeddable":true,"href":"https:\/\/www.livrariarema.com.br\/loja\/wp-json\/wp\/v2\/product_cat?post=179734"},{"taxonomy":"product_tag","embeddable":true,"href":"https:\/\/www.livrariarema.com.br\/loja\/wp-json\/wp\/v2\/product_tag?post=179734"}],"curies":[{"name":"wp","href":"https:\/\/api.w.org\/{rel}","templated":true}]}}