{"id":180718,"date":"2022-09-05T15:04:34","date_gmt":"2022-09-05T18:04:34","guid":{"rendered":"https:\/\/www.livrariarema.com.br\/loja\/produtos\/sem%20categoria\/serie-a-verdade-do-evangelho-andai-no-espirito-christian-chen\/"},"modified":"2026-02-23T16:40:56","modified_gmt":"2026-02-23T19:40:56","slug":"serie-a-verdade-do-evangelho-andai-no-espirito-christian-chen","status":"publish","type":"product","link":"https:\/\/www.livrariarema.com.br\/loja\/produtos\/livros\/espiritualidade\/serie-a-verdade-do-evangelho-andai-no-espirito-christian-chen\/","title":{"rendered":"S\u00e9rie A Verdade Do Evangelho &#8211; Andai No Esp\u00edrito &#8211; Christian Chen"},"content":{"rendered":"<p>Possivelmente, nenhum outro tema tenha sido motivo de maior diverg\u00eancia, e tenha causado tantos problemas entre os filhos de Deus, do que a doutrina sobre o Esp\u00edrito Santo. H\u00e1 um espectro de doutrinas que v\u00e3o de um extremo, onde a \u00eanfase recai sobre manifesta\u00e7\u00f5es espetaculares, ao outro, em que o Esp\u00edrito Santo sequer \u00e9 mencionado. Existe, tamb\u00e9m, uma grande diversidade de ensinamentos sobre o esp\u00edrito humano, influenciados por diversas doutrinas sobre o pr\u00f3prio homem.<\/p>\n<p>Compreender esses temas \u00e0 luz das Escrituras \u00e9 de fundamental import\u00e2ncia para os filhos de Deus, principalmente nos dias em que vivemos. O presente livro \u00e9 fruto de um cuidadoso estudo desses temas nas Escrituras por Christian Chen. Somente \u00e0 luz da Palavra de Deus \u00e9 que veremos a luz e encontraremos equil\u00edbrio para prosseguirmos diligentemente a carreira que nos est\u00e1 proposta. &#8220;Se vivemos no Esp\u00edrito, andemos tamb\u00e9m no Esp\u00edrito.&#8221; Gl 5:25<\/p>\n","protected":false},"excerpt":{"rendered":"<p>Possivelmente, nenhum outro tema tenha sido motivo de maior diverg\u00eancia, e tenha causado tantos problemas entre os filhos de Deus,&hellip;<\/p>\n","protected":false},"featured_media":342374,"comment_status":"open","ping_status":"closed","template":"","meta":[],"product_cat":[160,134],"product_tag":[],"_links":{"self":[{"href":"https:\/\/www.livrariarema.com.br\/loja\/wp-json\/wp\/v2\/product\/180718"}],"collection":[{"href":"https:\/\/www.livrariarema.com.br\/loja\/wp-json\/wp\/v2\/product"}],"about":[{"href":"https:\/\/www.livrariarema.com.br\/loja\/wp-json\/wp\/v2\/types\/product"}],"replies":[{"embeddable":true,"href":"https:\/\/www.livrariarema.com.br\/loja\/wp-json\/wp\/v2\/comments?post=180718"}],"wp:featuredmedia":[{"embeddable":true,"href":"https:\/\/www.livrariarema.com.br\/loja\/wp-json\/wp\/v2\/media\/342374"}],"wp:attachment":[{"href":"https:\/\/www.livrariarema.com.br\/loja\/wp-json\/wp\/v2\/media?parent=180718"}],"wp:term":[{"taxonomy":"product_cat","embeddable":true,"href":"https:\/\/www.livrariarema.com.br\/loja\/wp-json\/wp\/v2\/product_cat?post=180718"},{"taxonomy":"product_tag","embeddable":true,"href":"https:\/\/www.livrariarema.com.br\/loja\/wp-json\/wp\/v2\/product_tag?post=180718"}],"curies":[{"name":"wp","href":"https:\/\/api.w.org\/{rel}","templated":true}]}}