{"id":181175,"date":"2022-09-08T16:24:19","date_gmt":"2022-09-08T19:24:19","guid":{"rendered":"https:\/\/www.livrariarema.com.br\/loja\/produtos\/sem categoria\/para-terminar-bem-comece-hoje-patrick-dugan\/"},"modified":"2025-05-09T13:14:50","modified_gmt":"2025-05-09T16:14:50","slug":"para-terminar-bem-comece-hoje-patrick-dugan","status":"publish","type":"product","link":"https:\/\/www.livrariarema.com.br\/loja\/produtos\/livros\/casamento\/para-terminar-bem-comece-hoje-patrick-dugan\/","title":{"rendered":"Para Terminar Bem Comece Hoje &#8211; Patrick Dugan"},"content":{"rendered":"<p>Este livro n\u00e3o se destina apenas a idosos.<br \/>\nNada de f\u00f3rmulas m\u00e1gicas! Busque motiva\u00e7\u00e3o para levantar-se da cadeira de balan\u00e7o e viver plenamente, hoje mesmo!<\/p>\n<p>Quanto controle tenho sobre minha longevidade?<br \/>\nNunca \u00e9 tarde para come\u00e7ar a se movimentar.<br \/>\nImport\u00e2ncia da sa\u00fade aos 50 anos de idade.<br \/>\nO papel da vida espiritual no processo do envelhecimento.<br \/>\nComo conservar sua utilidade e criatividade ao longo do tempo.<\/p>\n","protected":false},"excerpt":{"rendered":"<p>Este livro n\u00e3o se destina apenas a idosos. Nada de f\u00f3rmulas m\u00e1gicas! Busque motiva\u00e7\u00e3o para levantar-se da cadeira de balan\u00e7o&hellip;<\/p>\n","protected":false},"featured_media":330897,"comment_status":"open","ping_status":"closed","template":"","meta":[],"product_cat":[155,134],"product_tag":[],"_links":{"self":[{"href":"https:\/\/www.livrariarema.com.br\/loja\/wp-json\/wp\/v2\/product\/181175"}],"collection":[{"href":"https:\/\/www.livrariarema.com.br\/loja\/wp-json\/wp\/v2\/product"}],"about":[{"href":"https:\/\/www.livrariarema.com.br\/loja\/wp-json\/wp\/v2\/types\/product"}],"replies":[{"embeddable":true,"href":"https:\/\/www.livrariarema.com.br\/loja\/wp-json\/wp\/v2\/comments?post=181175"}],"wp:featuredmedia":[{"embeddable":true,"href":"https:\/\/www.livrariarema.com.br\/loja\/wp-json\/wp\/v2\/media\/330897"}],"wp:attachment":[{"href":"https:\/\/www.livrariarema.com.br\/loja\/wp-json\/wp\/v2\/media?parent=181175"}],"wp:term":[{"taxonomy":"product_cat","embeddable":true,"href":"https:\/\/www.livrariarema.com.br\/loja\/wp-json\/wp\/v2\/product_cat?post=181175"},{"taxonomy":"product_tag","embeddable":true,"href":"https:\/\/www.livrariarema.com.br\/loja\/wp-json\/wp\/v2\/product_tag?post=181175"}],"curies":[{"name":"wp","href":"https:\/\/api.w.org\/{rel}","templated":true}]}}