{"id":182480,"date":"2022-09-15T10:39:43","date_gmt":"2022-09-15T13:39:43","guid":{"rendered":"https:\/\/www.livrariarema.com.br\/loja\/produtos\/sem categoria\/ntlh085tilexg-biblia-letra-extragigante-c-indice-preta\/"},"modified":"2026-03-04T13:20:18","modified_gmt":"2026-03-04T16:20:18","slug":"ntlh085tilexg-biblia-letra-extragigante-c-indice-preta","status":"publish","type":"product","link":"https:\/\/www.livrariarema.com.br\/loja\/produtos\/biblias\/ntlh\/ntlh085tilexg-biblia-letra-extragigante-c-indice-preta\/","title":{"rendered":"Ntlh085tilexg &#8211; B\u00edblia Letra Extragigante &#8211; C\/ \u00cdndice &#8211; Preta"},"content":{"rendered":"<p>Essa edi\u00e7\u00e3o da B\u00edblia Sagrada possui letra extragigante que permite maior conforto na leitura di\u00e1ria da Palavra de Deus. \u00c9 ideal para pessoas com problemas leves de vis\u00e3o e para a terceira idade.<\/p>\n<p>&#8211; Mapas coloridos<br \/>\n&#8211; Notas e refer\u00eancia b\u00edblicas<br \/>\n&#8211; Vocabul\u00e1rio<\/p>\n","protected":false},"excerpt":{"rendered":"<p>Essa edi\u00e7\u00e3o da B\u00edblia Sagrada possui letra extragigante que permite maior conforto na leitura di\u00e1ria da Palavra de Deus. \u00c9&hellip;<\/p>\n","protected":false},"featured_media":343932,"comment_status":"open","ping_status":"closed","template":"","meta":[],"product_cat":[139,188],"product_tag":[],"_links":{"self":[{"href":"https:\/\/www.livrariarema.com.br\/loja\/wp-json\/wp\/v2\/product\/182480"}],"collection":[{"href":"https:\/\/www.livrariarema.com.br\/loja\/wp-json\/wp\/v2\/product"}],"about":[{"href":"https:\/\/www.livrariarema.com.br\/loja\/wp-json\/wp\/v2\/types\/product"}],"replies":[{"embeddable":true,"href":"https:\/\/www.livrariarema.com.br\/loja\/wp-json\/wp\/v2\/comments?post=182480"}],"wp:featuredmedia":[{"embeddable":true,"href":"https:\/\/www.livrariarema.com.br\/loja\/wp-json\/wp\/v2\/media\/343932"}],"wp:attachment":[{"href":"https:\/\/www.livrariarema.com.br\/loja\/wp-json\/wp\/v2\/media?parent=182480"}],"wp:term":[{"taxonomy":"product_cat","embeddable":true,"href":"https:\/\/www.livrariarema.com.br\/loja\/wp-json\/wp\/v2\/product_cat?post=182480"},{"taxonomy":"product_tag","embeddable":true,"href":"https:\/\/www.livrariarema.com.br\/loja\/wp-json\/wp\/v2\/product_tag?post=182480"}],"curies":[{"name":"wp","href":"https:\/\/api.w.org\/{rel}","templated":true}]}}