{"id":182995,"date":"2022-09-16T16:58:26","date_gmt":"2022-09-16T19:58:26","guid":{"rendered":"https:\/\/www.livrariarema.com.br\/loja\/produtos\/sem categoria\/apontador-leoleo-pastel-trend-com-deposito\/"},"modified":"2024-10-23T18:35:12","modified_gmt":"2024-10-23T21:35:12","slug":"apontador-leoleo-pastel-trend-com-deposito","status":"publish","type":"product","link":"https:\/\/www.livrariarema.com.br\/loja\/produtos\/papelaria\/apontador\/apontador-leoleo-pastel-trend-com-deposito\/","title":{"rendered":"Apontador &#8211; Leo&amp;Leo &#8211; Pastel Trend &#8211; Com Dep\u00f3sito"},"content":{"rendered":"<p>O apontador bloco 4 cm pastel trend LeoeLeo vem com c\u00f3digo de barras individual, em formato retangular, com deposito de 4cm. composto por resina termopl\u00e1stica e alum\u00ednio em a\u00e7o inox. <\/p>\n<p>Composi\u00e7\u00e3o: Resina termopl\u00e1stica e l\u00e2mina em a\u00e7o inox.<\/p>\n<p>Vendido separadamente<br \/>\nVerificar disponibilidade de cores<br \/>\n<Br><br \/>\nRegistro Inmetro 005132\/2020<\/p>\n","protected":false},"excerpt":{"rendered":"<p>O apontador bloco 4 cm pastel trend LeoeLeo vem com c\u00f3digo de barras individual, em formato retangular, com deposito de&hellip;<\/p>\n","protected":false},"featured_media":291794,"comment_status":"open","ping_status":"closed","template":"","meta":[],"product_cat":[283,215],"product_tag":[],"_links":{"self":[{"href":"https:\/\/www.livrariarema.com.br\/loja\/wp-json\/wp\/v2\/product\/182995"}],"collection":[{"href":"https:\/\/www.livrariarema.com.br\/loja\/wp-json\/wp\/v2\/product"}],"about":[{"href":"https:\/\/www.livrariarema.com.br\/loja\/wp-json\/wp\/v2\/types\/product"}],"replies":[{"embeddable":true,"href":"https:\/\/www.livrariarema.com.br\/loja\/wp-json\/wp\/v2\/comments?post=182995"}],"wp:featuredmedia":[{"embeddable":true,"href":"https:\/\/www.livrariarema.com.br\/loja\/wp-json\/wp\/v2\/media\/291794"}],"wp:attachment":[{"href":"https:\/\/www.livrariarema.com.br\/loja\/wp-json\/wp\/v2\/media?parent=182995"}],"wp:term":[{"taxonomy":"product_cat","embeddable":true,"href":"https:\/\/www.livrariarema.com.br\/loja\/wp-json\/wp\/v2\/product_cat?post=182995"},{"taxonomy":"product_tag","embeddable":true,"href":"https:\/\/www.livrariarema.com.br\/loja\/wp-json\/wp\/v2\/product_tag?post=182995"}],"curies":[{"name":"wp","href":"https:\/\/api.w.org\/{rel}","templated":true}]}}