{"id":183213,"date":"2022-09-19T15:20:54","date_gmt":"2022-09-19T18:20:54","guid":{"rendered":"https:\/\/www.livrariarema.com.br\/loja\/produtos\/sem%20categoria\/uma-casa-na-floresta-laura-ingalls-wilder\/"},"modified":"2026-05-02T12:40:18","modified_gmt":"2026-05-02T15:40:18","slug":"uma-casa-na-floresta-laura-ingalls-wilder","status":"publish","type":"product","link":"https:\/\/www.livrariarema.com.br\/loja\/produtos\/livros\/juvenil\/uma-casa-na-floresta-laura-ingalls-wilder\/","title":{"rendered":"Os Pioneiros Americanos &#8211; Livro 1 &#8211; Uma Casa Na Floresta &#8211; Laura Ingalls Wilder"},"content":{"rendered":"<p>A pequena Laura vive com os pais e as duas irm\u00e3s, Mary e Carrie, em uma casinha de madeira constru\u00edda dentro da floresta de Wisconsin. Ali, distante de qualquer outro grupo de pessoas, os Ingalls precisam ca\u00e7ar, plantar, colher, proteger-se dos perigos da natureza&#8230; Todos contribuem para o bem-estar da fam\u00edlia e at\u00e9 Laura ajuda como pode, aprendendo tudo pelo exemplo. Apesar das adversidades, a fam\u00edlia permanece unida e esse bom conv\u00edvio alegra os sonhos das irm\u00e3s, que todas as noites v\u00e3o dormir embaladas pelas can\u00e7\u00f5es entoadas na rabeca do pai e aquecidas pelo aconchegante calor da lareira. Este \u00e9 o primeiro livro da s\u00e9rie em que Laura Ingalls narra os epis\u00f3dios mais marcantes de sua hist\u00f3ria, desde a inf\u00e2ncia at\u00e9 a vida adulta.<\/p>\n","protected":false},"excerpt":{"rendered":"<p>A pequena Laura vive com os pais e as duas irm\u00e3s, Mary e Carrie, em uma casinha de madeira constru\u00edda&hellip;<\/p>\n","protected":false},"featured_media":346641,"comment_status":"open","ping_status":"closed","template":"","meta":[],"product_cat":[184,134],"product_tag":[],"_links":{"self":[{"href":"https:\/\/www.livrariarema.com.br\/loja\/wp-json\/wp\/v2\/product\/183213"}],"collection":[{"href":"https:\/\/www.livrariarema.com.br\/loja\/wp-json\/wp\/v2\/product"}],"about":[{"href":"https:\/\/www.livrariarema.com.br\/loja\/wp-json\/wp\/v2\/types\/product"}],"replies":[{"embeddable":true,"href":"https:\/\/www.livrariarema.com.br\/loja\/wp-json\/wp\/v2\/comments?post=183213"}],"wp:featuredmedia":[{"embeddable":true,"href":"https:\/\/www.livrariarema.com.br\/loja\/wp-json\/wp\/v2\/media\/346641"}],"wp:attachment":[{"href":"https:\/\/www.livrariarema.com.br\/loja\/wp-json\/wp\/v2\/media?parent=183213"}],"wp:term":[{"taxonomy":"product_cat","embeddable":true,"href":"https:\/\/www.livrariarema.com.br\/loja\/wp-json\/wp\/v2\/product_cat?post=183213"},{"taxonomy":"product_tag","embeddable":true,"href":"https:\/\/www.livrariarema.com.br\/loja\/wp-json\/wp\/v2\/product_tag?post=183213"}],"curies":[{"name":"wp","href":"https:\/\/api.w.org\/{rel}","templated":true}]}}