{"id":183257,"date":"2022-09-19T15:23:16","date_gmt":"2022-09-19T18:23:16","guid":{"rendered":"https:\/\/www.livrariarema.com.br\/loja\/produtos\/sem%20categoria\/le-para-mim-a-pesca-maravilhosa\/"},"modified":"2025-12-13T14:50:47","modified_gmt":"2025-12-13T17:50:47","slug":"le-para-mim-a-pesca-maravilhosa","status":"publish","type":"product","link":"https:\/\/www.livrariarema.com.br\/loja\/produtos\/livros\/infantil\/le-para-mim-a-pesca-maravilhosa\/","title":{"rendered":"L\u00ea Pra Mim &#8211; A Pesca Maravilhosa"},"content":{"rendered":"<p>Alguns pescadores n\u00e3o estavam encontrando peixes, mas Sim\u00e3o Pedro acreditou na Palavra de Jesus e lan\u00e7ou a rede novamente.<\/p>\n","protected":false},"excerpt":{"rendered":"<p>Alguns pescadores n\u00e3o estavam encontrando peixes, mas Sim\u00e3o Pedro acreditou na Palavra de Jesus e lan\u00e7ou a rede novamente.<\/p>\n","protected":false},"featured_media":329374,"comment_status":"open","ping_status":"closed","template":"","meta":[],"product_cat":[144,134],"product_tag":[],"_links":{"self":[{"href":"https:\/\/www.livrariarema.com.br\/loja\/wp-json\/wp\/v2\/product\/183257"}],"collection":[{"href":"https:\/\/www.livrariarema.com.br\/loja\/wp-json\/wp\/v2\/product"}],"about":[{"href":"https:\/\/www.livrariarema.com.br\/loja\/wp-json\/wp\/v2\/types\/product"}],"replies":[{"embeddable":true,"href":"https:\/\/www.livrariarema.com.br\/loja\/wp-json\/wp\/v2\/comments?post=183257"}],"wp:featuredmedia":[{"embeddable":true,"href":"https:\/\/www.livrariarema.com.br\/loja\/wp-json\/wp\/v2\/media\/329374"}],"wp:attachment":[{"href":"https:\/\/www.livrariarema.com.br\/loja\/wp-json\/wp\/v2\/media?parent=183257"}],"wp:term":[{"taxonomy":"product_cat","embeddable":true,"href":"https:\/\/www.livrariarema.com.br\/loja\/wp-json\/wp\/v2\/product_cat?post=183257"},{"taxonomy":"product_tag","embeddable":true,"href":"https:\/\/www.livrariarema.com.br\/loja\/wp-json\/wp\/v2\/product_tag?post=183257"}],"curies":[{"name":"wp","href":"https:\/\/api.w.org\/{rel}","templated":true}]}}