{"id":183259,"date":"2022-09-19T15:23:21","date_gmt":"2022-09-19T18:23:21","guid":{"rendered":"https:\/\/www.livrariarema.com.br\/loja\/produtos\/sem%20categoria\/le-para-mim-pequenas-oracoes\/"},"modified":"2026-03-07T10:31:29","modified_gmt":"2026-03-07T13:31:29","slug":"le-para-mim-pequenas-oracoes","status":"publish","type":"product","link":"https:\/\/www.livrariarema.com.br\/loja\/produtos\/livros\/infantil\/le-para-mim-pequenas-oracoes\/","title":{"rendered":"L\u00ea Pra Mim &#8211; Pequenas Ora\u00e7\u00f5es"},"content":{"rendered":"<p>Acompanhe, neste livro, pequenas ora\u00e7\u00f5es que expressam nosso amor e nossa gratid\u00e3o a Deus.<\/p>\n","protected":false},"excerpt":{"rendered":"<p>Acompanhe, neste livro, pequenas ora\u00e7\u00f5es que expressam nosso amor e nossa gratid\u00e3o a Deus.<\/p>\n","protected":false},"featured_media":335812,"comment_status":"open","ping_status":"closed","template":"","meta":[],"product_cat":[144,134],"product_tag":[],"_links":{"self":[{"href":"https:\/\/www.livrariarema.com.br\/loja\/wp-json\/wp\/v2\/product\/183259"}],"collection":[{"href":"https:\/\/www.livrariarema.com.br\/loja\/wp-json\/wp\/v2\/product"}],"about":[{"href":"https:\/\/www.livrariarema.com.br\/loja\/wp-json\/wp\/v2\/types\/product"}],"replies":[{"embeddable":true,"href":"https:\/\/www.livrariarema.com.br\/loja\/wp-json\/wp\/v2\/comments?post=183259"}],"wp:featuredmedia":[{"embeddable":true,"href":"https:\/\/www.livrariarema.com.br\/loja\/wp-json\/wp\/v2\/media\/335812"}],"wp:attachment":[{"href":"https:\/\/www.livrariarema.com.br\/loja\/wp-json\/wp\/v2\/media?parent=183259"}],"wp:term":[{"taxonomy":"product_cat","embeddable":true,"href":"https:\/\/www.livrariarema.com.br\/loja\/wp-json\/wp\/v2\/product_cat?post=183259"},{"taxonomy":"product_tag","embeddable":true,"href":"https:\/\/www.livrariarema.com.br\/loja\/wp-json\/wp\/v2\/product_tag?post=183259"}],"curies":[{"name":"wp","href":"https:\/\/api.w.org\/{rel}","templated":true}]}}