{"id":183261,"date":"2022-09-19T15:23:26","date_gmt":"2022-09-19T18:23:26","guid":{"rendered":"https:\/\/www.livrariarema.com.br\/loja\/produtos\/sem%20categoria\/biblia-infantil-brochura\/"},"modified":"2026-03-17T15:10:42","modified_gmt":"2026-03-17T18:10:42","slug":"biblia-infantil-brochura","status":"publish","type":"product","link":"https:\/\/www.livrariarema.com.br\/loja\/produtos\/livros\/infantil-biblia\/biblia-infantil-brochura\/","title":{"rendered":"B\u00edblia Infantil &#8211; Brochura"},"content":{"rendered":"<p>A hist\u00f3ria da cria\u00e7\u00e3o do mundo, dos grandes her\u00f3is da f\u00e9 e os ensinamentos deixados por Jesus Cristo est\u00e3o reunidos nesse livro repleto de lindas ilustra\u00e7\u00f5es. Conhe\u00e7a um pouco mais sobre o poder e o amor de Deus a cada p\u00e1gina virada.<\/p>\n","protected":false},"excerpt":{"rendered":"<p>A hist\u00f3ria da cria\u00e7\u00e3o do mundo, dos grandes her\u00f3is da f\u00e9 e os ensinamentos deixados por Jesus Cristo est\u00e3o reunidos&hellip;<\/p>\n","protected":false},"featured_media":237894,"comment_status":"open","ping_status":"closed","template":"","meta":[],"product_cat":[165,134],"product_tag":[],"_links":{"self":[{"href":"https:\/\/www.livrariarema.com.br\/loja\/wp-json\/wp\/v2\/product\/183261"}],"collection":[{"href":"https:\/\/www.livrariarema.com.br\/loja\/wp-json\/wp\/v2\/product"}],"about":[{"href":"https:\/\/www.livrariarema.com.br\/loja\/wp-json\/wp\/v2\/types\/product"}],"replies":[{"embeddable":true,"href":"https:\/\/www.livrariarema.com.br\/loja\/wp-json\/wp\/v2\/comments?post=183261"}],"wp:featuredmedia":[{"embeddable":true,"href":"https:\/\/www.livrariarema.com.br\/loja\/wp-json\/wp\/v2\/media\/237894"}],"wp:attachment":[{"href":"https:\/\/www.livrariarema.com.br\/loja\/wp-json\/wp\/v2\/media?parent=183261"}],"wp:term":[{"taxonomy":"product_cat","embeddable":true,"href":"https:\/\/www.livrariarema.com.br\/loja\/wp-json\/wp\/v2\/product_cat?post=183261"},{"taxonomy":"product_tag","embeddable":true,"href":"https:\/\/www.livrariarema.com.br\/loja\/wp-json\/wp\/v2\/product_tag?post=183261"}],"curies":[{"name":"wp","href":"https:\/\/api.w.org\/{rel}","templated":true}]}}