{"id":183277,"date":"2022-09-19T15:27:19","date_gmt":"2022-09-19T18:27:19","guid":{"rendered":"https:\/\/www.livrariarema.com.br\/loja\/produtos\/sem categoria\/365-historias-biblicas\/"},"modified":"2026-03-17T16:30:34","modified_gmt":"2026-03-17T19:30:34","slug":"365-historias-biblicas","status":"publish","type":"product","link":"https:\/\/www.livrariarema.com.br\/loja\/produtos\/livros\/infantil\/365-historias-biblicas\/","title":{"rendered":"365 Hist\u00f3rias B\u00edblicas &#8211;"},"content":{"rendered":"<p>Conhe\u00e7a diversas passagens da B\u00edblia, do Antigo e do Novo Testamento. Cada hist\u00f3ria \u00e9 narrada de forma simples e vem acompanhada de uma linda ilustra\u00e7\u00e3o. Encante-se com personagens inesquec\u00edveis. Uma hist\u00f3ria emocionante e cheia de sabedoria para cada dia do ano!<\/p>\n","protected":false},"excerpt":{"rendered":"<p>Conhe\u00e7a diversas passagens da B\u00edblia, do Antigo e do Novo Testamento. Cada hist\u00f3ria \u00e9 narrada de forma simples e vem&hellip;<\/p>\n","protected":false},"featured_media":318993,"comment_status":"open","ping_status":"closed","template":"","meta":[],"product_cat":[144,134],"product_tag":[],"_links":{"self":[{"href":"https:\/\/www.livrariarema.com.br\/loja\/wp-json\/wp\/v2\/product\/183277"}],"collection":[{"href":"https:\/\/www.livrariarema.com.br\/loja\/wp-json\/wp\/v2\/product"}],"about":[{"href":"https:\/\/www.livrariarema.com.br\/loja\/wp-json\/wp\/v2\/types\/product"}],"replies":[{"embeddable":true,"href":"https:\/\/www.livrariarema.com.br\/loja\/wp-json\/wp\/v2\/comments?post=183277"}],"wp:featuredmedia":[{"embeddable":true,"href":"https:\/\/www.livrariarema.com.br\/loja\/wp-json\/wp\/v2\/media\/318993"}],"wp:attachment":[{"href":"https:\/\/www.livrariarema.com.br\/loja\/wp-json\/wp\/v2\/media?parent=183277"}],"wp:term":[{"taxonomy":"product_cat","embeddable":true,"href":"https:\/\/www.livrariarema.com.br\/loja\/wp-json\/wp\/v2\/product_cat?post=183277"},{"taxonomy":"product_tag","embeddable":true,"href":"https:\/\/www.livrariarema.com.br\/loja\/wp-json\/wp\/v2\/product_tag?post=183277"}],"curies":[{"name":"wp","href":"https:\/\/api.w.org\/{rel}","templated":true}]}}