{"id":183283,"date":"2022-09-19T15:27:34","date_gmt":"2022-09-19T18:27:34","guid":{"rendered":"https:\/\/www.livrariarema.com.br\/loja\/produtos\/sem categoria\/pop-ups-divertidos-a-arca-de-noe\/"},"modified":"2022-12-21T09:45:10","modified_gmt":"2022-12-21T12:45:10","slug":"pop-ups-divertidos-a-arca-de-noe","status":"publish","type":"product","link":"https:\/\/www.livrariarema.com.br\/loja\/produtos\/livros\/infantil\/pop-ups-divertidos-a-arca-de-noe\/","title":{"rendered":"Pop-Ups Divertidos &#8211; A Arca De No\u00e9"},"content":{"rendered":"<p>Um bondoso homem recebeu de Deus a tarefa de construir uma arca e p\u00f4r nela a pr\u00f3pria fam\u00edlia e um casal de cada esp\u00e9cie de animal. Leia este livro com pop-ups e divirta-se!<\/p>\n","protected":false},"excerpt":{"rendered":"<p>Um bondoso homem recebeu de Deus a tarefa de construir uma arca e p\u00f4r nela a pr\u00f3pria fam\u00edlia e um&hellip;<\/p>\n","protected":false},"featured_media":205695,"comment_status":"open","ping_status":"closed","template":"","meta":[],"product_cat":[144,134],"product_tag":[],"_links":{"self":[{"href":"https:\/\/www.livrariarema.com.br\/loja\/wp-json\/wp\/v2\/product\/183283"}],"collection":[{"href":"https:\/\/www.livrariarema.com.br\/loja\/wp-json\/wp\/v2\/product"}],"about":[{"href":"https:\/\/www.livrariarema.com.br\/loja\/wp-json\/wp\/v2\/types\/product"}],"replies":[{"embeddable":true,"href":"https:\/\/www.livrariarema.com.br\/loja\/wp-json\/wp\/v2\/comments?post=183283"}],"wp:featuredmedia":[{"embeddable":true,"href":"https:\/\/www.livrariarema.com.br\/loja\/wp-json\/wp\/v2\/media\/205695"}],"wp:attachment":[{"href":"https:\/\/www.livrariarema.com.br\/loja\/wp-json\/wp\/v2\/media?parent=183283"}],"wp:term":[{"taxonomy":"product_cat","embeddable":true,"href":"https:\/\/www.livrariarema.com.br\/loja\/wp-json\/wp\/v2\/product_cat?post=183283"},{"taxonomy":"product_tag","embeddable":true,"href":"https:\/\/www.livrariarema.com.br\/loja\/wp-json\/wp\/v2\/product_tag?post=183283"}],"curies":[{"name":"wp","href":"https:\/\/api.w.org\/{rel}","templated":true}]}}