{"id":183295,"date":"2022-09-19T15:28:04","date_gmt":"2022-09-19T18:28:04","guid":{"rendered":"https:\/\/www.livrariarema.com.br\/loja\/produtos\/sem%20categoria\/le-para-mim-jose-do-egito\/"},"modified":"2026-03-07T10:31:36","modified_gmt":"2026-03-07T13:31:36","slug":"le-para-mim-jose-do-egito","status":"publish","type":"product","link":"https:\/\/www.livrariarema.com.br\/loja\/produtos\/livros\/infantil\/le-para-mim-jose-do-egito\/","title":{"rendered":"L\u00ea Pra Mim &#8211; Jos\u00e9 Do Egito"},"content":{"rendered":"<p>Conhe\u00e7a a hist\u00f3ria de Jos\u00e9, um homem que recebeu de Deus o dom de interpretar os sonhos das pessoas.<\/p>\n","protected":false},"excerpt":{"rendered":"<p>Conhe\u00e7a a hist\u00f3ria de Jos\u00e9, um homem que recebeu de Deus o dom de interpretar os sonhos das pessoas.<\/p>\n","protected":false},"featured_media":319157,"comment_status":"open","ping_status":"closed","template":"","meta":[],"product_cat":[144,134],"product_tag":[],"_links":{"self":[{"href":"https:\/\/www.livrariarema.com.br\/loja\/wp-json\/wp\/v2\/product\/183295"}],"collection":[{"href":"https:\/\/www.livrariarema.com.br\/loja\/wp-json\/wp\/v2\/product"}],"about":[{"href":"https:\/\/www.livrariarema.com.br\/loja\/wp-json\/wp\/v2\/types\/product"}],"replies":[{"embeddable":true,"href":"https:\/\/www.livrariarema.com.br\/loja\/wp-json\/wp\/v2\/comments?post=183295"}],"wp:featuredmedia":[{"embeddable":true,"href":"https:\/\/www.livrariarema.com.br\/loja\/wp-json\/wp\/v2\/media\/319157"}],"wp:attachment":[{"href":"https:\/\/www.livrariarema.com.br\/loja\/wp-json\/wp\/v2\/media?parent=183295"}],"wp:term":[{"taxonomy":"product_cat","embeddable":true,"href":"https:\/\/www.livrariarema.com.br\/loja\/wp-json\/wp\/v2\/product_cat?post=183295"},{"taxonomy":"product_tag","embeddable":true,"href":"https:\/\/www.livrariarema.com.br\/loja\/wp-json\/wp\/v2\/product_tag?post=183295"}],"curies":[{"name":"wp","href":"https:\/\/api.w.org\/{rel}","templated":true}]}}