{"id":183301,"date":"2022-09-19T15:28:19","date_gmt":"2022-09-19T18:28:19","guid":{"rendered":"https:\/\/www.livrariarema.com.br\/loja\/produtos\/sem categoria\/365-caca-palavras-com-historias-biblicas\/"},"modified":"2026-04-22T12:40:53","modified_gmt":"2026-04-22T15:40:53","slug":"365-caca-palavras-com-historias-biblicas","status":"publish","type":"product","link":"https:\/\/www.livrariarema.com.br\/loja\/produtos\/livros\/cruzadas-caca-palavras-jogos\/365-caca-palavras-com-historias-biblicas\/","title":{"rendered":"365 Ca\u00e7a-Palavras Com Hist\u00f3rias B\u00edblicas"},"content":{"rendered":"<p>Fazer ca\u00e7a-palavras com hist\u00f3rias b\u00edblicas \u00e9 uma forma criativa e divertida de desenvolver o racioc\u00ednio e deixar o pensamento \u00e1gil, por meio de hist\u00f3rias sobre f\u00e9, bondade e amor. S\u00e3o 365 ca\u00e7a-palavras, um para cada dia do ano.<\/p>\n","protected":false},"excerpt":{"rendered":"<p>Fazer ca\u00e7a-palavras com hist\u00f3rias b\u00edblicas \u00e9 uma forma criativa e divertida de desenvolver o racioc\u00ednio e deixar o pensamento \u00e1gil,&hellip;<\/p>\n","protected":false},"featured_media":346717,"comment_status":"open","ping_status":"closed","template":"","meta":[],"product_cat":[338,134],"product_tag":[],"_links":{"self":[{"href":"https:\/\/www.livrariarema.com.br\/loja\/wp-json\/wp\/v2\/product\/183301"}],"collection":[{"href":"https:\/\/www.livrariarema.com.br\/loja\/wp-json\/wp\/v2\/product"}],"about":[{"href":"https:\/\/www.livrariarema.com.br\/loja\/wp-json\/wp\/v2\/types\/product"}],"replies":[{"embeddable":true,"href":"https:\/\/www.livrariarema.com.br\/loja\/wp-json\/wp\/v2\/comments?post=183301"}],"wp:featuredmedia":[{"embeddable":true,"href":"https:\/\/www.livrariarema.com.br\/loja\/wp-json\/wp\/v2\/media\/346717"}],"wp:attachment":[{"href":"https:\/\/www.livrariarema.com.br\/loja\/wp-json\/wp\/v2\/media?parent=183301"}],"wp:term":[{"taxonomy":"product_cat","embeddable":true,"href":"https:\/\/www.livrariarema.com.br\/loja\/wp-json\/wp\/v2\/product_cat?post=183301"},{"taxonomy":"product_tag","embeddable":true,"href":"https:\/\/www.livrariarema.com.br\/loja\/wp-json\/wp\/v2\/product_tag?post=183301"}],"curies":[{"name":"wp","href":"https:\/\/api.w.org\/{rel}","templated":true}]}}