{"id":183829,"date":"2022-09-22T14:47:43","date_gmt":"2022-09-22T17:47:43","guid":{"rendered":"https:\/\/www.livrariarema.com.br\/loja\/produtos\/sem categoria\/oracoes-para-os-pequeninos-oracoes-para-meninas\/"},"modified":"2026-04-11T11:42:32","modified_gmt":"2026-04-11T14:42:32","slug":"oracoes-para-os-pequeninos-oracoes-para-meninas","status":"publish","type":"product","link":"https:\/\/www.livrariarema.com.br\/loja\/produtos\/livros\/infantil\/oracoes-para-os-pequeninos-oracoes-para-meninas\/","title":{"rendered":"Ora\u00e7\u00f5es Para Os Pequeninos: Ora\u00e7\u00f5es Para Meninas"},"content":{"rendered":"<p>Com este ador\u00e1vel livro de ora\u00e7\u00f5es, as meninas v\u00e3o aprender que podem falar com Deus em qualquer situa\u00e7\u00e3o. Uma inspira\u00e7\u00e3o para uma verdadeira amizade com Deus atrav\u00e9s da ora\u00e7\u00e3o di\u00e1ria.<\/p>\n","protected":false},"excerpt":{"rendered":"<p>Com este ador\u00e1vel livro de ora\u00e7\u00f5es, as meninas v\u00e3o aprender que podem falar com Deus em qualquer situa\u00e7\u00e3o. Uma inspira\u00e7\u00e3o&hellip;<\/p>\n","protected":false},"featured_media":344353,"comment_status":"open","ping_status":"closed","template":"","meta":[],"product_cat":[144,134],"product_tag":[],"_links":{"self":[{"href":"https:\/\/www.livrariarema.com.br\/loja\/wp-json\/wp\/v2\/product\/183829"}],"collection":[{"href":"https:\/\/www.livrariarema.com.br\/loja\/wp-json\/wp\/v2\/product"}],"about":[{"href":"https:\/\/www.livrariarema.com.br\/loja\/wp-json\/wp\/v2\/types\/product"}],"replies":[{"embeddable":true,"href":"https:\/\/www.livrariarema.com.br\/loja\/wp-json\/wp\/v2\/comments?post=183829"}],"wp:featuredmedia":[{"embeddable":true,"href":"https:\/\/www.livrariarema.com.br\/loja\/wp-json\/wp\/v2\/media\/344353"}],"wp:attachment":[{"href":"https:\/\/www.livrariarema.com.br\/loja\/wp-json\/wp\/v2\/media?parent=183829"}],"wp:term":[{"taxonomy":"product_cat","embeddable":true,"href":"https:\/\/www.livrariarema.com.br\/loja\/wp-json\/wp\/v2\/product_cat?post=183829"},{"taxonomy":"product_tag","embeddable":true,"href":"https:\/\/www.livrariarema.com.br\/loja\/wp-json\/wp\/v2\/product_tag?post=183829"}],"curies":[{"name":"wp","href":"https:\/\/api.w.org\/{rel}","templated":true}]}}