{"id":183868,"date":"2022-09-22T14:51:35","date_gmt":"2022-09-22T17:51:35","guid":{"rendered":"https:\/\/www.livrariarema.com.br\/loja\/produtos\/sem categoria\/jesus-falou-e-fez-milagres-de-jesus-cristina-marques\/"},"modified":"2022-09-23T17:23:21","modified_gmt":"2022-09-23T20:23:21","slug":"jesus-falou-e-fez-milagres-de-jesus-cristina-marques","status":"publish","type":"product","link":"https:\/\/www.livrariarema.com.br\/loja\/produtos\/livros\/infantil\/jesus-falou-e-fez-milagres-de-jesus-cristina-marques\/","title":{"rendered":"Jesus Falou E Fez: Milagres De Jesus &#8211; Cristina Marques"},"content":{"rendered":"<p>Uma bel\u00edssima obra, com delicadas ilustra\u00e7\u00f5es e cativantes hist\u00f3rias da B\u00edblia, narradas em textos curtos e de f\u00e1cil assimila\u00e7\u00e3o. Ideal para proporcionar \u00e0s crian\u00e7as um contato inicial com as Sagradas Escrituras.<\/p>\n","protected":false},"excerpt":{"rendered":"<p>Uma bel\u00edssima obra, com delicadas ilustra\u00e7\u00f5es e cativantes hist\u00f3rias da B\u00edblia, narradas em textos curtos e de f\u00e1cil assimila\u00e7\u00e3o. Ideal&hellip;<\/p>\n","protected":false},"featured_media":0,"comment_status":"open","ping_status":"closed","template":"","meta":[],"product_cat":[144,134],"product_tag":[],"_links":{"self":[{"href":"https:\/\/www.livrariarema.com.br\/loja\/wp-json\/wp\/v2\/product\/183868"}],"collection":[{"href":"https:\/\/www.livrariarema.com.br\/loja\/wp-json\/wp\/v2\/product"}],"about":[{"href":"https:\/\/www.livrariarema.com.br\/loja\/wp-json\/wp\/v2\/types\/product"}],"replies":[{"embeddable":true,"href":"https:\/\/www.livrariarema.com.br\/loja\/wp-json\/wp\/v2\/comments?post=183868"}],"wp:attachment":[{"href":"https:\/\/www.livrariarema.com.br\/loja\/wp-json\/wp\/v2\/media?parent=183868"}],"wp:term":[{"taxonomy":"product_cat","embeddable":true,"href":"https:\/\/www.livrariarema.com.br\/loja\/wp-json\/wp\/v2\/product_cat?post=183868"},{"taxonomy":"product_tag","embeddable":true,"href":"https:\/\/www.livrariarema.com.br\/loja\/wp-json\/wp\/v2\/product_tag?post=183868"}],"curies":[{"name":"wp","href":"https:\/\/api.w.org\/{rel}","templated":true}]}}