{"id":183887,"date":"2022-09-22T14:54:43","date_gmt":"2022-09-22T17:54:43","guid":{"rendered":"https:\/\/www.livrariarema.com.br\/loja\/produtos\/sem categoria\/aprenda-em-casa-exercitando-a-escrita\/"},"modified":"2026-04-30T13:42:50","modified_gmt":"2026-04-30T16:42:50","slug":"aprenda-em-casa-exercitando-a-escrita","status":"publish","type":"product","link":"https:\/\/www.livrariarema.com.br\/loja\/produtos\/livros\/infantil\/aprenda-em-casa-exercitando-a-escrita\/","title":{"rendered":"Aprenda Em Casa: Exercitando A Escrita"},"content":{"rendered":"<p>Este livro estimula a crian\u00e7a a desenvolver a sua habilidade de escrita. Capacita seu dom\u00ednio motriz e cognitivo, por meio de exerc\u00edcios adequados \u00e0 pr\u00e9-escrita, n\u00fameros e alfabeto de letras mai\u00fasculas e minusculas.<\/p>\n","protected":false},"excerpt":{"rendered":"<p>Este livro estimula a crian\u00e7a a desenvolver a sua habilidade de escrita. Capacita seu dom\u00ednio motriz e cognitivo, por meio&hellip;<\/p>\n","protected":false},"featured_media":306342,"comment_status":"open","ping_status":"closed","template":"","meta":[],"product_cat":[144,134],"product_tag":[],"_links":{"self":[{"href":"https:\/\/www.livrariarema.com.br\/loja\/wp-json\/wp\/v2\/product\/183887"}],"collection":[{"href":"https:\/\/www.livrariarema.com.br\/loja\/wp-json\/wp\/v2\/product"}],"about":[{"href":"https:\/\/www.livrariarema.com.br\/loja\/wp-json\/wp\/v2\/types\/product"}],"replies":[{"embeddable":true,"href":"https:\/\/www.livrariarema.com.br\/loja\/wp-json\/wp\/v2\/comments?post=183887"}],"wp:featuredmedia":[{"embeddable":true,"href":"https:\/\/www.livrariarema.com.br\/loja\/wp-json\/wp\/v2\/media\/306342"}],"wp:attachment":[{"href":"https:\/\/www.livrariarema.com.br\/loja\/wp-json\/wp\/v2\/media?parent=183887"}],"wp:term":[{"taxonomy":"product_cat","embeddable":true,"href":"https:\/\/www.livrariarema.com.br\/loja\/wp-json\/wp\/v2\/product_cat?post=183887"},{"taxonomy":"product_tag","embeddable":true,"href":"https:\/\/www.livrariarema.com.br\/loja\/wp-json\/wp\/v2\/product_tag?post=183887"}],"curies":[{"name":"wp","href":"https:\/\/api.w.org\/{rel}","templated":true}]}}