{"id":183973,"date":"2022-09-23T09:10:37","date_gmt":"2022-09-23T12:10:37","guid":{"rendered":"https:\/\/www.livrariarema.com.br\/loja\/produtos\/sem categoria\/livro-de-banho-amiguinhos-luminosos-no-banho-peixe\/"},"modified":"2023-10-27T16:37:42","modified_gmt":"2023-10-27T19:37:42","slug":"livro-de-banho-amiguinhos-luminosos-no-banho-peixe","status":"publish","type":"product","link":"https:\/\/www.livrariarema.com.br\/loja\/produtos\/livros\/infantil\/livro-de-banho-amiguinhos-luminosos-no-banho-peixe\/","title":{"rendered":"Livro De Banho &#8211; Amiguinhos Luminosos No Banho: Peixe"},"content":{"rendered":"<p>Estes livrinhos de banho, alegres e brilhantes, apresentam quatro fant\u00e1sticos amiguinhos luminosos, que tornar\u00e3o a hora do banho pura divers\u00e3o!<\/p>\n","protected":false},"excerpt":{"rendered":"<p>Estes livrinhos de banho, alegres e brilhantes, apresentam quatro fant\u00e1sticos amiguinhos luminosos, que tornar\u00e3o a hora do banho pura divers\u00e3o!<\/p>\n","protected":false},"featured_media":261953,"comment_status":"open","ping_status":"closed","template":"","meta":[],"product_cat":[144,134],"product_tag":[],"_links":{"self":[{"href":"https:\/\/www.livrariarema.com.br\/loja\/wp-json\/wp\/v2\/product\/183973"}],"collection":[{"href":"https:\/\/www.livrariarema.com.br\/loja\/wp-json\/wp\/v2\/product"}],"about":[{"href":"https:\/\/www.livrariarema.com.br\/loja\/wp-json\/wp\/v2\/types\/product"}],"replies":[{"embeddable":true,"href":"https:\/\/www.livrariarema.com.br\/loja\/wp-json\/wp\/v2\/comments?post=183973"}],"wp:featuredmedia":[{"embeddable":true,"href":"https:\/\/www.livrariarema.com.br\/loja\/wp-json\/wp\/v2\/media\/261953"}],"wp:attachment":[{"href":"https:\/\/www.livrariarema.com.br\/loja\/wp-json\/wp\/v2\/media?parent=183973"}],"wp:term":[{"taxonomy":"product_cat","embeddable":true,"href":"https:\/\/www.livrariarema.com.br\/loja\/wp-json\/wp\/v2\/product_cat?post=183973"},{"taxonomy":"product_tag","embeddable":true,"href":"https:\/\/www.livrariarema.com.br\/loja\/wp-json\/wp\/v2\/product_tag?post=183973"}],"curies":[{"name":"wp","href":"https:\/\/api.w.org\/{rel}","templated":true}]}}