{"id":184035,"date":"2022-09-23T09:29:00","date_gmt":"2022-09-23T12:29:00","guid":{"rendered":"https:\/\/www.livrariarema.com.br\/loja\/produtos\/sem categoria\/a-biblia-em-365-historias-com-caixa\/"},"modified":"2025-12-01T18:22:20","modified_gmt":"2025-12-01T21:22:20","slug":"a-biblia-em-365-historias-com-caixa","status":"publish","type":"product","link":"https:\/\/www.livrariarema.com.br\/loja\/produtos\/livros\/infantil-biblia\/a-biblia-em-365-historias-com-caixa\/","title":{"rendered":"A B\u00edblia Em 365 Hist\u00f3rias &#8211; Com Caixa"},"content":{"rendered":"<p>Acompanha CD com 14 Can\u00e7\u00f5es (com faixas playback).<br \/>\nPreciosos ensinamentos que transmitem importantes li\u00e7\u00f5es por meio de exemplos.<br \/>\nTextos em linguagem acess\u00edvel aos pequenos.<br \/>\nTema de grande relev\u00e2ncia entre as fam\u00edlias, na forma\u00e7\u00e3o de valores crist\u00e3os.<br \/>\nUma ferramenta importante para ser utilizada por Educadores crist\u00e3os.<\/p>\n<p>Este obra re\u00fane 365 Hist\u00f3rias B\u00edblicas para os jovens leitores conhecerem e refletirem sobre a palavra de Deus e a semearem. Com ela, os pequenos aprender\u00e3o li\u00e7\u00f5es importantes e aperfei\u00e7oar\u00e3o valores espirituais de amor e de fraternidade.<\/p>\n","protected":false},"excerpt":{"rendered":"<p>Acompanha CD com 14 Can\u00e7\u00f5es (com faixas playback). Preciosos ensinamentos que transmitem importantes li\u00e7\u00f5es por meio de exemplos. Textos em&hellip;<\/p>\n","protected":false},"featured_media":242192,"comment_status":"open","ping_status":"closed","template":"","meta":[],"product_cat":[165,134],"product_tag":[],"_links":{"self":[{"href":"https:\/\/www.livrariarema.com.br\/loja\/wp-json\/wp\/v2\/product\/184035"}],"collection":[{"href":"https:\/\/www.livrariarema.com.br\/loja\/wp-json\/wp\/v2\/product"}],"about":[{"href":"https:\/\/www.livrariarema.com.br\/loja\/wp-json\/wp\/v2\/types\/product"}],"replies":[{"embeddable":true,"href":"https:\/\/www.livrariarema.com.br\/loja\/wp-json\/wp\/v2\/comments?post=184035"}],"wp:featuredmedia":[{"embeddable":true,"href":"https:\/\/www.livrariarema.com.br\/loja\/wp-json\/wp\/v2\/media\/242192"}],"wp:attachment":[{"href":"https:\/\/www.livrariarema.com.br\/loja\/wp-json\/wp\/v2\/media?parent=184035"}],"wp:term":[{"taxonomy":"product_cat","embeddable":true,"href":"https:\/\/www.livrariarema.com.br\/loja\/wp-json\/wp\/v2\/product_cat?post=184035"},{"taxonomy":"product_tag","embeddable":true,"href":"https:\/\/www.livrariarema.com.br\/loja\/wp-json\/wp\/v2\/product_tag?post=184035"}],"curies":[{"name":"wp","href":"https:\/\/api.w.org\/{rel}","templated":true}]}}