{"id":184044,"date":"2022-09-23T09:31:07","date_gmt":"2022-09-23T12:31:07","guid":{"rendered":"https:\/\/www.livrariarema.com.br\/loja\/produtos\/sem categoria\/livro-de-banho-amiguinhos-luminosos-no-banho-cavalo\/"},"modified":"2025-07-11T10:30:40","modified_gmt":"2025-07-11T13:30:40","slug":"livro-de-banho-amiguinhos-luminosos-no-banho-cavalo","status":"publish","type":"product","link":"https:\/\/www.livrariarema.com.br\/loja\/produtos\/livros\/infantil\/livro-de-banho-amiguinhos-luminosos-no-banho-cavalo\/","title":{"rendered":"Livro De Banho &#8211; Amiguinhos Luminosos No Banho: Cavalo"},"content":{"rendered":"<p>Estes livrinhos de banho, alegres e brilhantes, apresentam quatro fant\u00e1sticos amiguinhos luminosos, que tornar\u00e3o a hora do banho pura divers\u00e3o!<\/p>\n","protected":false},"excerpt":{"rendered":"<p>Estes livrinhos de banho, alegres e brilhantes, apresentam quatro fant\u00e1sticos amiguinhos luminosos, que tornar\u00e3o a hora do banho pura divers\u00e3o!<\/p>\n","protected":false},"featured_media":326586,"comment_status":"open","ping_status":"closed","template":"","meta":[],"product_cat":[144,134],"product_tag":[],"_links":{"self":[{"href":"https:\/\/www.livrariarema.com.br\/loja\/wp-json\/wp\/v2\/product\/184044"}],"collection":[{"href":"https:\/\/www.livrariarema.com.br\/loja\/wp-json\/wp\/v2\/product"}],"about":[{"href":"https:\/\/www.livrariarema.com.br\/loja\/wp-json\/wp\/v2\/types\/product"}],"replies":[{"embeddable":true,"href":"https:\/\/www.livrariarema.com.br\/loja\/wp-json\/wp\/v2\/comments?post=184044"}],"wp:featuredmedia":[{"embeddable":true,"href":"https:\/\/www.livrariarema.com.br\/loja\/wp-json\/wp\/v2\/media\/326586"}],"wp:attachment":[{"href":"https:\/\/www.livrariarema.com.br\/loja\/wp-json\/wp\/v2\/media?parent=184044"}],"wp:term":[{"taxonomy":"product_cat","embeddable":true,"href":"https:\/\/www.livrariarema.com.br\/loja\/wp-json\/wp\/v2\/product_cat?post=184044"},{"taxonomy":"product_tag","embeddable":true,"href":"https:\/\/www.livrariarema.com.br\/loja\/wp-json\/wp\/v2\/product_tag?post=184044"}],"curies":[{"name":"wp","href":"https:\/\/api.w.org\/{rel}","templated":true}]}}