{"id":184055,"date":"2022-09-23T09:32:42","date_gmt":"2022-09-23T12:32:42","guid":{"rendered":"https:\/\/www.livrariarema.com.br\/loja\/produtos\/sem categoria\/livro-de-banho-dia-a-dia-do-bebe-um-livro-de-banho-dormindo\/"},"modified":"2025-02-06T13:10:42","modified_gmt":"2025-02-06T16:10:42","slug":"livro-de-banho-dia-a-dia-do-bebe-um-livro-de-banho-dormindo","status":"publish","type":"product","link":"https:\/\/www.livrariarema.com.br\/loja\/produtos\/livros\/infantil\/livro-de-banho-dia-a-dia-do-bebe-um-livro-de-banho-dormindo\/","title":{"rendered":"Livro De Banho &#8211; Dia A Dia Do Bebe &#8211; Um Livro De Banho: Dormindo"},"content":{"rendered":"<p>A cole\u00e7\u00e3o Dia a dia do Beb\u00ea prop\u00f5e o aprendizado de forma l\u00fadica e divertida, atrav\u00e9s de livros de nomea\u00e7\u00e3o que acompanham um chocalho colorido para o pequeno interagir.<\/p>\n","protected":false},"excerpt":{"rendered":"<p>A cole\u00e7\u00e3o Dia a dia do Beb\u00ea prop\u00f5e o aprendizado de forma l\u00fadica e divertida, atrav\u00e9s de livros de nomea\u00e7\u00e3o&hellip;<\/p>\n","protected":false},"featured_media":229070,"comment_status":"open","ping_status":"closed","template":"","meta":[],"product_cat":[144,134],"product_tag":[],"_links":{"self":[{"href":"https:\/\/www.livrariarema.com.br\/loja\/wp-json\/wp\/v2\/product\/184055"}],"collection":[{"href":"https:\/\/www.livrariarema.com.br\/loja\/wp-json\/wp\/v2\/product"}],"about":[{"href":"https:\/\/www.livrariarema.com.br\/loja\/wp-json\/wp\/v2\/types\/product"}],"replies":[{"embeddable":true,"href":"https:\/\/www.livrariarema.com.br\/loja\/wp-json\/wp\/v2\/comments?post=184055"}],"wp:featuredmedia":[{"embeddable":true,"href":"https:\/\/www.livrariarema.com.br\/loja\/wp-json\/wp\/v2\/media\/229070"}],"wp:attachment":[{"href":"https:\/\/www.livrariarema.com.br\/loja\/wp-json\/wp\/v2\/media?parent=184055"}],"wp:term":[{"taxonomy":"product_cat","embeddable":true,"href":"https:\/\/www.livrariarema.com.br\/loja\/wp-json\/wp\/v2\/product_cat?post=184055"},{"taxonomy":"product_tag","embeddable":true,"href":"https:\/\/www.livrariarema.com.br\/loja\/wp-json\/wp\/v2\/product_tag?post=184055"}],"curies":[{"name":"wp","href":"https:\/\/api.w.org\/{rel}","templated":true}]}}