{"id":184069,"date":"2022-09-23T09:33:17","date_gmt":"2022-09-23T12:33:17","guid":{"rendered":"https:\/\/www.livrariarema.com.br\/loja\/produtos\/sem categoria\/livro-de-banho-amiguinhos-luminosos-no-banho-galinha\/"},"modified":"2026-03-11T13:50:44","modified_gmt":"2026-03-11T16:50:44","slug":"livro-de-banho-amiguinhos-luminosos-no-banho-galinha","status":"publish","type":"product","link":"https:\/\/www.livrariarema.com.br\/loja\/produtos\/livros\/infantil\/livro-de-banho-amiguinhos-luminosos-no-banho-galinha\/","title":{"rendered":"Livro De Banho &#8211; Amiguinhos Luminosos No Banho: Galinha"},"content":{"rendered":"<p>Estes livrinhos de banho, alegres e brilhantes, apresentam quatro fant\u00e1sticos amiguinhos luminosos, que tornar\u00e3o a hora do banho pura divers\u00e3o!<\/p>\n","protected":false},"excerpt":{"rendered":"<p>Estes livrinhos de banho, alegres e brilhantes, apresentam quatro fant\u00e1sticos amiguinhos luminosos, que tornar\u00e3o a hora do banho pura divers\u00e3o!<\/p>\n","protected":false},"featured_media":318716,"comment_status":"open","ping_status":"closed","template":"","meta":[],"product_cat":[144,134],"product_tag":[],"_links":{"self":[{"href":"https:\/\/www.livrariarema.com.br\/loja\/wp-json\/wp\/v2\/product\/184069"}],"collection":[{"href":"https:\/\/www.livrariarema.com.br\/loja\/wp-json\/wp\/v2\/product"}],"about":[{"href":"https:\/\/www.livrariarema.com.br\/loja\/wp-json\/wp\/v2\/types\/product"}],"replies":[{"embeddable":true,"href":"https:\/\/www.livrariarema.com.br\/loja\/wp-json\/wp\/v2\/comments?post=184069"}],"wp:featuredmedia":[{"embeddable":true,"href":"https:\/\/www.livrariarema.com.br\/loja\/wp-json\/wp\/v2\/media\/318716"}],"wp:attachment":[{"href":"https:\/\/www.livrariarema.com.br\/loja\/wp-json\/wp\/v2\/media?parent=184069"}],"wp:term":[{"taxonomy":"product_cat","embeddable":true,"href":"https:\/\/www.livrariarema.com.br\/loja\/wp-json\/wp\/v2\/product_cat?post=184069"},{"taxonomy":"product_tag","embeddable":true,"href":"https:\/\/www.livrariarema.com.br\/loja\/wp-json\/wp\/v2\/product_tag?post=184069"}],"curies":[{"name":"wp","href":"https:\/\/api.w.org\/{rel}","templated":true}]}}