{"id":184307,"date":"2022-09-23T12:15:08","date_gmt":"2022-09-23T15:15:08","guid":{"rendered":"https:\/\/www.livrariarema.com.br\/loja\/produtos\/sem categoria\/aprenda-em-casa-escreva-e-apague-letra-de-forma\/"},"modified":"2026-04-30T13:42:58","modified_gmt":"2026-04-30T16:42:58","slug":"aprenda-em-casa-escreva-e-apague-letra-de-forma","status":"publish","type":"product","link":"https:\/\/www.livrariarema.com.br\/loja\/produtos\/livros\/infantil\/aprenda-em-casa-escreva-e-apague-letra-de-forma\/","title":{"rendered":"Aprenda Em Casa: Escreva E Apague: Letra De Forma"},"content":{"rendered":"<p>&#8211; Recurso `escreva e apague`<br \/>\n&#8211; Ferramenta did\u00e1tica de refor\u00e7o\/apoio escolar.<br \/>\n&#8211; Introdu\u00e7\u00e3o perfeita aos treinos de prepara\u00e7\u00e3o para a escrita.<br \/>\n&#8211; Diversas atividades para desenvolver o aprendizado da Letra de Forma<\/p>\n<p>Este livro cont\u00e9m exerc\u00edcios, elaborados de acordo com os crit\u00e9rios pedag\u00f3gicos recomendados, que ajudam a desenvolver as habilidades motoras finas e o aprendizado da letra de forma, de maneira l\u00fadica: tracejando sobre as letras. O recurso `escreva e apague` estimula o aprendizado l\u00f3gico por meio da repeti\u00e7\u00e3o.<\/p>\n","protected":false},"excerpt":{"rendered":"<p>&#8211; Recurso `escreva e apague` &#8211; Ferramenta did\u00e1tica de refor\u00e7o\/apoio escolar. &#8211; Introdu\u00e7\u00e3o perfeita aos treinos de prepara\u00e7\u00e3o para a&hellip;<\/p>\n","protected":false},"featured_media":331033,"comment_status":"open","ping_status":"closed","template":"","meta":[],"product_cat":[144,134],"product_tag":[],"_links":{"self":[{"href":"https:\/\/www.livrariarema.com.br\/loja\/wp-json\/wp\/v2\/product\/184307"}],"collection":[{"href":"https:\/\/www.livrariarema.com.br\/loja\/wp-json\/wp\/v2\/product"}],"about":[{"href":"https:\/\/www.livrariarema.com.br\/loja\/wp-json\/wp\/v2\/types\/product"}],"replies":[{"embeddable":true,"href":"https:\/\/www.livrariarema.com.br\/loja\/wp-json\/wp\/v2\/comments?post=184307"}],"wp:featuredmedia":[{"embeddable":true,"href":"https:\/\/www.livrariarema.com.br\/loja\/wp-json\/wp\/v2\/media\/331033"}],"wp:attachment":[{"href":"https:\/\/www.livrariarema.com.br\/loja\/wp-json\/wp\/v2\/media?parent=184307"}],"wp:term":[{"taxonomy":"product_cat","embeddable":true,"href":"https:\/\/www.livrariarema.com.br\/loja\/wp-json\/wp\/v2\/product_cat?post=184307"},{"taxonomy":"product_tag","embeddable":true,"href":"https:\/\/www.livrariarema.com.br\/loja\/wp-json\/wp\/v2\/product_tag?post=184307"}],"curies":[{"name":"wp","href":"https:\/\/api.w.org\/{rel}","templated":true}]}}