{"id":185051,"date":"2022-09-26T11:55:23","date_gmt":"2022-09-26T14:55:23","guid":{"rendered":"https:\/\/www.livrariarema.com.br\/loja\/produtos\/sem%20categoria\/box-sermoes-de-spurgeon-6-livros-c-h-spurgeon\/"},"modified":"2026-02-27T17:11:15","modified_gmt":"2026-02-27T20:11:15","slug":"box-sermoes-de-spurgeon-6-livros-c-h-spurgeon","status":"publish","type":"product","link":"https:\/\/www.livrariarema.com.br\/loja\/produtos\/livros\/sermoes-esbocos\/box-sermoes-de-spurgeon-6-livros-c-h-spurgeon\/","title":{"rendered":"Serm\u00f5es De Spurgeon &#8211; Box Com 6 Livros &#8211; C. H. Spurgeon"},"content":{"rendered":"<p>Esta bel\u00edssima cole\u00e7\u00e3o re\u00fane temas de extrema relev\u00e2ncia \u00e0 vida crist\u00e3. As exposi\u00e7\u00f5es do renomado pregador Charles H. Spurgeon propiciam ao leitor um profundo conhecimento sobre: a amplitude da vida de ora\u00e7\u00e3o, a realidade dos milagres, toda abrang\u00eancia da obra da cruz, o ensino por tr\u00e1s de preciosas par\u00e1bolas, o magistral Serm\u00e3o do Monte e a prepara\u00e7\u00e3o da Igreja para a segunda vinda de Cristo.<Br><br \/>\n<Br><br \/>\n1- Serm\u00f5es de Spurgeon sobre as grandes ora\u00e7\u00f5es da B\u00edblia evidencia que Deus n\u00e3o requer belas ora\u00e7\u00f5es para que as ou\u00e7a e atenda. S\u00e3o necess\u00e1rios apenas a sinceridade e um cora\u00e7\u00e3o quebrantado.<Br><br \/>\n<Br><br \/>\n2- Serm\u00f5es de Spurgeon sobre os milagres de Jesus, alguns dos milagres realizados por Cristo, e a consequente transforma\u00e7\u00e3o de vida a partir deles, s\u00e3o apresentados de forma profunda e em ordem cronol\u00f3gica.<Br><br \/>\n<Br><br \/>\n3- Serm\u00f5es de Spurgeon sobre a cruz de Cristo aborda a obra da cruz desde que foi profetizada no Antigo Testamento, seu cumprimento no G\u00f3lgota e sua rela\u00e7\u00e3o com o fim dos tempos.<Br><br \/>\n<Br><br \/>\n4- Serm\u00f5es de Spurgeon sobre as par\u00e1bolas apresenta hist\u00f3rias que Cristo contou para ilustrar alguns princ\u00edpios do reino de Deus, de forma cativante, instigante e encorajadora.<Br><br \/>\n<Br><br \/>\n5- Serm\u00f5es de Spurgeon sobre o Serm\u00e3o do Monte revela a beleza, a profundidade e a aplicabilidade desse desafiante serm\u00e3o pregado por Jesus ao inaugurar Seu minist\u00e9rio terreno. \u00c9 um tesouro de interpreta\u00e7\u00e3o inestim\u00e1vel. <Br><br \/>\n<Br><br \/>\n6- Serm\u00f5es de Spurgeon sobre a segunda vinda de Cristo trata de um tema extremamente relevante e atual no cen\u00e1rio escatol\u00f3gico: a prepara\u00e7\u00e3o da Igreja do Senhor para se encontrar com o seu Redentor e Noivo.<Br><\/p>\n","protected":false},"excerpt":{"rendered":"<p>Esta bel\u00edssima cole\u00e7\u00e3o re\u00fane temas de extrema relev\u00e2ncia \u00e0 vida crist\u00e3. As exposi\u00e7\u00f5es do renomado pregador Charles H. Spurgeon propiciam&hellip;<\/p>\n","protected":false},"featured_media":338609,"comment_status":"open","ping_status":"closed","template":"","meta":[],"product_cat":[134,195],"product_tag":[],"_links":{"self":[{"href":"https:\/\/www.livrariarema.com.br\/loja\/wp-json\/wp\/v2\/product\/185051"}],"collection":[{"href":"https:\/\/www.livrariarema.com.br\/loja\/wp-json\/wp\/v2\/product"}],"about":[{"href":"https:\/\/www.livrariarema.com.br\/loja\/wp-json\/wp\/v2\/types\/product"}],"replies":[{"embeddable":true,"href":"https:\/\/www.livrariarema.com.br\/loja\/wp-json\/wp\/v2\/comments?post=185051"}],"wp:featuredmedia":[{"embeddable":true,"href":"https:\/\/www.livrariarema.com.br\/loja\/wp-json\/wp\/v2\/media\/338609"}],"wp:attachment":[{"href":"https:\/\/www.livrariarema.com.br\/loja\/wp-json\/wp\/v2\/media?parent=185051"}],"wp:term":[{"taxonomy":"product_cat","embeddable":true,"href":"https:\/\/www.livrariarema.com.br\/loja\/wp-json\/wp\/v2\/product_cat?post=185051"},{"taxonomy":"product_tag","embeddable":true,"href":"https:\/\/www.livrariarema.com.br\/loja\/wp-json\/wp\/v2\/product_tag?post=185051"}],"curies":[{"name":"wp","href":"https:\/\/api.w.org\/{rel}","templated":true}]}}