{"id":185427,"date":"2022-09-27T11:19:42","date_gmt":"2022-09-27T14:19:42","guid":{"rendered":"https:\/\/www.livrariarema.com.br\/loja\/produtos\/sem categoria\/gibi-smilinguido-e-sua-turma-em-quadrinhos-008\/"},"modified":"2025-03-19T15:21:14","modified_gmt":"2025-03-19T18:21:14","slug":"gibi-smilinguido-e-sua-turma-em-quadrinhos-008","status":"publish","type":"product","link":"https:\/\/www.livrariarema.com.br\/loja\/produtos\/livros\/infantil\/gibi-smilinguido-e-sua-turma-em-quadrinhos-008\/","title":{"rendered":"Gibi &#8211; Smilinguido E Sua Turma Em Quadrinhos &#8211; 008"},"content":{"rendered":"<p>A cole\u00e7\u00e3o de gibis do Smilinguido e sua turma sempre trazem uma aventura para crian\u00e7as de todas idades se divertirem e aprenderem valores crist\u00e3os.  <\/p>\n<p>Nas 24 p\u00e1ginas coloridas do volume 8, voc\u00ea poder\u00e1 acompanhar a turma estudando. Vamos nessa?!  <\/p>\n<p>A Turma do Smiling\u00fcido foi criada para ser um meio de comunica\u00e7\u00e3o da mensagem Crist\u00e3. Seu objetivo \u00e9 transmitir a experi\u00eancia da vida com Jesus atrav\u00e9s de desenhos e hist\u00f3rias, n\u00e3o como imposi\u00e7\u00e3o, mas como convite para qualquer pessoa que deseja se aproximar de Deus. Atrav\u00e9s de identifica\u00e7\u00e3o, viv\u00eancia e testemunho, os personagens querem ser uma ponte para comunicar a B\u00edblia, seus valores e conceitos, e produzir reflex\u00e3o e inspira\u00e7\u00e3o nas pessoas. <\/p>\n","protected":false},"excerpt":{"rendered":"<p>A cole\u00e7\u00e3o de gibis do Smilinguido e sua turma sempre trazem uma aventura para crian\u00e7as de todas idades se divertirem&hellip;<\/p>\n","protected":false},"featured_media":320798,"comment_status":"open","ping_status":"closed","template":"","meta":[],"product_cat":[144,134],"product_tag":[],"_links":{"self":[{"href":"https:\/\/www.livrariarema.com.br\/loja\/wp-json\/wp\/v2\/product\/185427"}],"collection":[{"href":"https:\/\/www.livrariarema.com.br\/loja\/wp-json\/wp\/v2\/product"}],"about":[{"href":"https:\/\/www.livrariarema.com.br\/loja\/wp-json\/wp\/v2\/types\/product"}],"replies":[{"embeddable":true,"href":"https:\/\/www.livrariarema.com.br\/loja\/wp-json\/wp\/v2\/comments?post=185427"}],"wp:featuredmedia":[{"embeddable":true,"href":"https:\/\/www.livrariarema.com.br\/loja\/wp-json\/wp\/v2\/media\/320798"}],"wp:attachment":[{"href":"https:\/\/www.livrariarema.com.br\/loja\/wp-json\/wp\/v2\/media?parent=185427"}],"wp:term":[{"taxonomy":"product_cat","embeddable":true,"href":"https:\/\/www.livrariarema.com.br\/loja\/wp-json\/wp\/v2\/product_cat?post=185427"},{"taxonomy":"product_tag","embeddable":true,"href":"https:\/\/www.livrariarema.com.br\/loja\/wp-json\/wp\/v2\/product_tag?post=185427"}],"curies":[{"name":"wp","href":"https:\/\/api.w.org\/{rel}","templated":true}]}}