{"id":185437,"date":"2022-09-27T11:20:08","date_gmt":"2022-09-27T14:20:08","guid":{"rendered":"https:\/\/www.livrariarema.com.br\/loja\/produtos\/sem categoria\/promessas-de-deus-depositos-no-banco-da-fe-reflexoes-diarias-c-h-spurgeon\/"},"modified":"2026-01-03T11:20:40","modified_gmt":"2026-01-03T14:20:40","slug":"promessas-de-deus-depositos-no-banco-da-fe-reflexoes-diarias-c-h-spurgeon","status":"publish","type":"product","link":"https:\/\/www.livrariarema.com.br\/loja\/produtos\/livros\/devocional\/promessas-de-deus-depositos-no-banco-da-fe-reflexoes-diarias-c-h-spurgeon\/","title":{"rendered":"Promessas De Deus &#8211; Dep\u00f3sitos No Banco Da F\u00e9 &#8211; Reflex\u00f5es Di\u00e1rias &#8211; C. H. Spurgeon"},"content":{"rendered":"<p>Reflex\u00f5es di\u00e1rias que abordam poderosas promessas de Deus, encontradas em Sua Palavra. Neste livro, Charles H. Spurgeon encoraja o leitor a apropria-se delas, de maneira coerente com a f\u00e9 b\u00edblica, a fim de usufruir do melhor que o Senhor reservou aos Seus filhos nesta vida, com vistas a exercitar o que \u00e9 eterno: confian\u00e7a, comunh\u00e3o e relacionamento com Ele.<\/p>\n","protected":false},"excerpt":{"rendered":"<p>Reflex\u00f5es di\u00e1rias que abordam poderosas promessas de Deus, encontradas em Sua Palavra. Neste livro, Charles H. Spurgeon encoraja o leitor&hellip;<\/p>\n","protected":false},"featured_media":338877,"comment_status":"open","ping_status":"closed","template":"","meta":[],"product_cat":[158,134],"product_tag":[],"_links":{"self":[{"href":"https:\/\/www.livrariarema.com.br\/loja\/wp-json\/wp\/v2\/product\/185437"}],"collection":[{"href":"https:\/\/www.livrariarema.com.br\/loja\/wp-json\/wp\/v2\/product"}],"about":[{"href":"https:\/\/www.livrariarema.com.br\/loja\/wp-json\/wp\/v2\/types\/product"}],"replies":[{"embeddable":true,"href":"https:\/\/www.livrariarema.com.br\/loja\/wp-json\/wp\/v2\/comments?post=185437"}],"wp:featuredmedia":[{"embeddable":true,"href":"https:\/\/www.livrariarema.com.br\/loja\/wp-json\/wp\/v2\/media\/338877"}],"wp:attachment":[{"href":"https:\/\/www.livrariarema.com.br\/loja\/wp-json\/wp\/v2\/media?parent=185437"}],"wp:term":[{"taxonomy":"product_cat","embeddable":true,"href":"https:\/\/www.livrariarema.com.br\/loja\/wp-json\/wp\/v2\/product_cat?post=185437"},{"taxonomy":"product_tag","embeddable":true,"href":"https:\/\/www.livrariarema.com.br\/loja\/wp-json\/wp\/v2\/product_tag?post=185437"}],"curies":[{"name":"wp","href":"https:\/\/api.w.org\/{rel}","templated":true}]}}