{"id":185449,"date":"2022-09-27T11:20:34","date_gmt":"2022-09-27T14:20:34","guid":{"rendered":"https:\/\/www.livrariarema.com.br\/loja\/produtos\/sem categoria\/rafa-e-o-rei-daniele-kiel-penteado-prestes\/"},"modified":"2025-05-17T11:00:39","modified_gmt":"2025-05-17T14:00:39","slug":"rafa-e-o-rei-daniele-kiel-penteado-prestes","status":"publish","type":"product","link":"https:\/\/www.livrariarema.com.br\/loja\/produtos\/livros\/infantil\/rafa-e-o-rei-daniele-kiel-penteado-prestes\/","title":{"rendered":"Rafa E O Rei &#8211; Daniele Kiel Penteado Prestes"},"content":{"rendered":"<p>Esta \u00e9 a hist\u00f3ria de Rafael, um menino sereno e dedicado que, certo dia, recebe um convite do pal\u00e1cio para conhecer o amoroso Rei &#8211; um encontro que acaba mudando sua vida e seu comportamento.<\/p>\n<p>A do\u00e7ura e pureza desta hist\u00f3ria v\u00e3o conquistar o seu cora\u00e7\u00e3o, e voc\u00ea ser\u00e1 contagiado com o entusiasmo e a bondade que Rafa demonstra quando chama outros a conhecerem o Rei.<\/p>\n<p>Este livro \u00e9 um excelente recurso para a compreens\u00e3o de crian\u00e7as alfabetizadas, pois mostra, de forma aleg\u00f3rica e compreens\u00edvel, a transforma\u00e7\u00e3o de vida que o encontro com o Rei pode proporcionar quando nos tornamos Seus amigos, atrav\u00e9s do Pr\u00edncipe &#8211; Jesus. Ent\u00e3o, passamos a ter a alegria de compartilhar com os outros o Seu amor, contando sempre com Seu Conselheiro &#8211; o Esp\u00edrito Santo.<\/p>\n","protected":false},"excerpt":{"rendered":"<p>Esta \u00e9 a hist\u00f3ria de Rafael, um menino sereno e dedicado que, certo dia, recebe um convite do pal\u00e1cio para&hellip;<\/p>\n","protected":false},"featured_media":300360,"comment_status":"open","ping_status":"closed","template":"","meta":[],"product_cat":[144,134],"product_tag":[],"_links":{"self":[{"href":"https:\/\/www.livrariarema.com.br\/loja\/wp-json\/wp\/v2\/product\/185449"}],"collection":[{"href":"https:\/\/www.livrariarema.com.br\/loja\/wp-json\/wp\/v2\/product"}],"about":[{"href":"https:\/\/www.livrariarema.com.br\/loja\/wp-json\/wp\/v2\/types\/product"}],"replies":[{"embeddable":true,"href":"https:\/\/www.livrariarema.com.br\/loja\/wp-json\/wp\/v2\/comments?post=185449"}],"wp:featuredmedia":[{"embeddable":true,"href":"https:\/\/www.livrariarema.com.br\/loja\/wp-json\/wp\/v2\/media\/300360"}],"wp:attachment":[{"href":"https:\/\/www.livrariarema.com.br\/loja\/wp-json\/wp\/v2\/media?parent=185449"}],"wp:term":[{"taxonomy":"product_cat","embeddable":true,"href":"https:\/\/www.livrariarema.com.br\/loja\/wp-json\/wp\/v2\/product_cat?post=185449"},{"taxonomy":"product_tag","embeddable":true,"href":"https:\/\/www.livrariarema.com.br\/loja\/wp-json\/wp\/v2\/product_tag?post=185449"}],"curies":[{"name":"wp","href":"https:\/\/api.w.org\/{rel}","templated":true}]}}