{"id":185452,"date":"2022-09-27T11:20:40","date_gmt":"2022-09-27T14:20:40","guid":{"rendered":"https:\/\/www.livrariarema.com.br\/loja\/produtos\/sem categoria\/historias-classicas-da-biblia\/"},"modified":"2026-03-23T16:13:21","modified_gmt":"2026-03-23T19:13:21","slug":"historias-classicas-da-biblia","status":"publish","type":"product","link":"https:\/\/www.livrariarema.com.br\/loja\/produtos\/livros\/infantil\/historias-classicas-da-biblia\/","title":{"rendered":"Hist\u00f3rias Cl\u00e1ssicas Da B\u00edblia"},"content":{"rendered":"<p>O livro cont\u00e9m 149 hist\u00f3rias b\u00edblicas do Antigo e Novo Testamentos, com belas ilustra\u00e7\u00f5es e ora\u00e7\u00f5es di\u00e1rias. \u00c9 acess\u00edvel a crian\u00e7as de 2 a 9 anos.<\/p>\n<p>A voz de uma crian\u00e7a a orar. A express\u00e3o facial de um pequenino cativado por uma hist\u00f3ria b\u00edblica. Uma fam\u00edlia compartilhando um devocional di\u00e1rio.<\/p>\n<p>Hist\u00f3rias Cl\u00e1ssicas da B\u00edblia o ajudar\u00e1 a criar esses momentos \u00fanicos e de valor eterno em fam\u00edlia com as hist\u00f3rias do Antifo e Novo Testamentos. Seus filhos ser\u00e3o atra\u00eddos \u00e0 Palavra de Deus e aprender\u00e3o sobre o amor de Jesus. Do in\u00edcio ao fim, a aten\u00e7\u00e3o deles ficar\u00e1 presa \u00e0s belas e coloridas ilustra\u00e7\u00f5es que acompanham cada hist\u00f3ria.<\/p>\n<p>Al\u00e9m dos relatos b\u00edblicos, este livro inclui ora\u00e7\u00f5es para voc\u00ea fazer com seu filho ao acordar, antes de dormir, pelas refei\u00e7\u00f5es e de agradecimento.<\/p>\n<p>BRITTANY SKY \u00e9 formada em Educa\u00e7\u00e3o Crist\u00e3 pela Universidade de Oklahoma City e com mestrado na mesma \u00e1rea pelo Semin\u00e1rio Teol\u00f3gico Evang\u00e9lico Garrett. Trabalhou em minist\u00e9rios infantis em igrejas metodistas dos Estados Unidos. \u00c9 autora e editora de v\u00e1rios livros crist\u00e3os infantis.<\/p>\n","protected":false},"excerpt":{"rendered":"<p>O livro cont\u00e9m 149 hist\u00f3rias b\u00edblicas do Antigo e Novo Testamentos, com belas ilustra\u00e7\u00f5es e ora\u00e7\u00f5es di\u00e1rias. \u00c9 acess\u00edvel a&hellip;<\/p>\n","protected":false},"featured_media":316359,"comment_status":"open","ping_status":"closed","template":"","meta":[],"product_cat":[144,134],"product_tag":[],"_links":{"self":[{"href":"https:\/\/www.livrariarema.com.br\/loja\/wp-json\/wp\/v2\/product\/185452"}],"collection":[{"href":"https:\/\/www.livrariarema.com.br\/loja\/wp-json\/wp\/v2\/product"}],"about":[{"href":"https:\/\/www.livrariarema.com.br\/loja\/wp-json\/wp\/v2\/types\/product"}],"replies":[{"embeddable":true,"href":"https:\/\/www.livrariarema.com.br\/loja\/wp-json\/wp\/v2\/comments?post=185452"}],"wp:featuredmedia":[{"embeddable":true,"href":"https:\/\/www.livrariarema.com.br\/loja\/wp-json\/wp\/v2\/media\/316359"}],"wp:attachment":[{"href":"https:\/\/www.livrariarema.com.br\/loja\/wp-json\/wp\/v2\/media?parent=185452"}],"wp:term":[{"taxonomy":"product_cat","embeddable":true,"href":"https:\/\/www.livrariarema.com.br\/loja\/wp-json\/wp\/v2\/product_cat?post=185452"},{"taxonomy":"product_tag","embeddable":true,"href":"https:\/\/www.livrariarema.com.br\/loja\/wp-json\/wp\/v2\/product_tag?post=185452"}],"curies":[{"name":"wp","href":"https:\/\/api.w.org\/{rel}","templated":true}]}}