{"id":185456,"date":"2022-09-27T11:20:51","date_gmt":"2022-09-27T14:20:51","guid":{"rendered":"https:\/\/www.livrariarema.com.br\/loja\/produtos\/sem%20categoria\/sermoes-de-spurgeon-sobre-a-segunda-vinda-de-cristo-c-h-spurgeon\/"},"modified":"2026-01-26T11:40:46","modified_gmt":"2026-01-26T14:40:46","slug":"sermoes-de-spurgeon-sobre-a-segunda-vinda-de-cristo-c-h-spurgeon","status":"publish","type":"product","link":"https:\/\/www.livrariarema.com.br\/loja\/produtos\/livros\/sermoes-esbocos\/sermoes-de-spurgeon-sobre-a-segunda-vinda-de-cristo-c-h-spurgeon\/","title":{"rendered":"Serm\u00f5es De Spurgeon Sobre A Segunda Vinda De Cristo &#8211; C. H. Spurgeon"},"content":{"rendered":"<p>&#8220;.do modo como eu vejo, as Escrituras deixaram muitos assuntos com uma indistin\u00e7\u00e3o intencional, para que possamos estar sempre esperando Cristo voltar e para que possamos estar vigilantes quanto \u00e0 Sua vinda a qualquer dia e hora. &#8211; CHARLES H. SPURGEON<\/p>\n<p>Em Serm\u00f5es de Spurgeon sobre a segunda vinda de Cristo, voc\u00ea encontrar\u00e1 um tema que tem sido negligenciado em meio ao cen\u00e1rio de interpreta\u00e7\u00f5es escatol\u00f3gicas: a prepara\u00e7\u00e3o da Igreja para se encontrar com seu Senhor e Salvador. Esse \u00e9 o ponto fundamental em que Cristo e os ap\u00f3stolos investiram bastante tempo enquanto falavam dos tempos do fim.<\/p>\n<p>As mensagens de Spurgeon foram organizadas buscando apresentar uma ordem l\u00f3gica: primeiramente, apresentamos a promessa da volta de Jesus; em seguida, a compara\u00e7\u00e3o entre a primeira e a segunda vindas de Cristo, alertas para a Igreja, o julgamento futuro e o cumprimento da promessa.<\/p>\n<p>Com isso, desejamos tocar nosso leitor para que sua esperan\u00e7a por dias infinitamente melhores continue aquecendo seu cora\u00e7\u00e3o, diante do caos em que vive o mundo, e dando-lhe respaldo para viver de forma que honre o Senhor, apesar de toda a press\u00e3o para o abandono da verdadeira f\u00e9m Cristo.<\/p>\n","protected":false},"excerpt":{"rendered":"<p>&#8220;.do modo como eu vejo, as Escrituras deixaram muitos assuntos com uma indistin\u00e7\u00e3o intencional, para que possamos estar sempre esperando&hellip;<\/p>\n","protected":false},"featured_media":338747,"comment_status":"open","ping_status":"closed","template":"","meta":[],"product_cat":[134,195],"product_tag":[],"_links":{"self":[{"href":"https:\/\/www.livrariarema.com.br\/loja\/wp-json\/wp\/v2\/product\/185456"}],"collection":[{"href":"https:\/\/www.livrariarema.com.br\/loja\/wp-json\/wp\/v2\/product"}],"about":[{"href":"https:\/\/www.livrariarema.com.br\/loja\/wp-json\/wp\/v2\/types\/product"}],"replies":[{"embeddable":true,"href":"https:\/\/www.livrariarema.com.br\/loja\/wp-json\/wp\/v2\/comments?post=185456"}],"wp:featuredmedia":[{"embeddable":true,"href":"https:\/\/www.livrariarema.com.br\/loja\/wp-json\/wp\/v2\/media\/338747"}],"wp:attachment":[{"href":"https:\/\/www.livrariarema.com.br\/loja\/wp-json\/wp\/v2\/media?parent=185456"}],"wp:term":[{"taxonomy":"product_cat","embeddable":true,"href":"https:\/\/www.livrariarema.com.br\/loja\/wp-json\/wp\/v2\/product_cat?post=185456"},{"taxonomy":"product_tag","embeddable":true,"href":"https:\/\/www.livrariarema.com.br\/loja\/wp-json\/wp\/v2\/product_tag?post=185456"}],"curies":[{"name":"wp","href":"https:\/\/api.w.org\/{rel}","templated":true}]}}