{"id":185462,"date":"2022-09-27T11:21:06","date_gmt":"2022-09-27T14:21:06","guid":{"rendered":"https:\/\/www.livrariarema.com.br\/loja\/produtos\/sem%20categoria\/guerra-santa-john-bunyan\/"},"modified":"2025-09-25T15:34:25","modified_gmt":"2025-09-25T18:34:25","slug":"guerra-santa-john-bunyan","status":"publish","type":"product","link":"https:\/\/www.livrariarema.com.br\/loja\/produtos\/livros\/ficcao\/guerra-santa-john-bunyan\/","title":{"rendered":"Guerra Santa &#8211; John Bunyan"},"content":{"rendered":"<p>&#8220;. porque a nossa luta n\u00e3o \u00e9 contra o sangue e a carne, e sim contra os principados e potestades, contra os dominadores deste mundo tenebroso, contra as for\u00e7as espirituais do mal, nas regi\u00f5es celestes. &#8211; EF\u00c9SIOS 6:12<\/p>\n<p>O que aconteceria se voc\u00ea pudesse ver a sua vida de uma perspectiva espiritual e vislumbrar a realidade do vers\u00edculo acima? Escrito quatro anos depois de O peregrino (Publica\u00e7\u00f5es P\u00e3o Di\u00e1rio, 2021), este cl\u00e1ssico aleg\u00f3rico tem tocado o cora\u00e7\u00e3o e a mente dos leitores por gera\u00e7\u00f5es. O epicentro desta obra \u00e9 a cidade de Alma Humana e seus habitantes. O ataque de Diabolus e seus dem\u00f4nios \u00e9 cuidadosamente planejado e executado, intentando tir\u00e1-la da posse de Shaddai. Alma Humana sucumbiu. O Pr\u00edncipe Emanuel est\u00e1 disposto a recuperar a cidade e, para isso, empenha Sua melhor estrat\u00e9gia e Seus maiores esfor\u00e7os.<\/p>\n<p>Enquanto observa o desenrolar dessa grande guerra, voc\u00ea ser\u00e1 encorajado a lutar, protegendo os port\u00f5es de sua alma com tenacidade, e a confiar na soberania de Emanuel. John Bunyan se concentrou especificamente na batalha espiritual travada em cada alma, individualmente.<\/p>\n<p>Nesta edi\u00e7\u00e3o, o leitor encontrar\u00e1 bel\u00edssimas ilustra\u00e7\u00f5es, fruto de estudo hist\u00f3rico e cauteloso, a fim de captar o significado de cada cena e de cada personagem, baseando-se no imagin\u00e1rio da \u00e9poca e contextualizando-as ao p\u00fablixo contempor\u00e2neo.<\/p>\n<p>JOHN BUNYAN (1628-88) foi pastor e autor puritano ingl\u00eas. Considerado g\u00eanio liter\u00e1rio, por seu estilo simples e, ao mesmo tempo, profundo, sofreu persegui\u00e7\u00e3o religiosa por suas firmes convic\u00e7\u00f5es no evangelho que transforma vidas.<\/p>\n","protected":false},"excerpt":{"rendered":"<p>&#8220;. porque a nossa luta n\u00e3o \u00e9 contra o sangue e a carne, e sim contra os principados e potestades,&hellip;<\/p>\n","protected":false},"featured_media":335258,"comment_status":"open","ping_status":"closed","template":"","meta":[],"product_cat":[162,134],"product_tag":[],"_links":{"self":[{"href":"https:\/\/www.livrariarema.com.br\/loja\/wp-json\/wp\/v2\/product\/185462"}],"collection":[{"href":"https:\/\/www.livrariarema.com.br\/loja\/wp-json\/wp\/v2\/product"}],"about":[{"href":"https:\/\/www.livrariarema.com.br\/loja\/wp-json\/wp\/v2\/types\/product"}],"replies":[{"embeddable":true,"href":"https:\/\/www.livrariarema.com.br\/loja\/wp-json\/wp\/v2\/comments?post=185462"}],"wp:featuredmedia":[{"embeddable":true,"href":"https:\/\/www.livrariarema.com.br\/loja\/wp-json\/wp\/v2\/media\/335258"}],"wp:attachment":[{"href":"https:\/\/www.livrariarema.com.br\/loja\/wp-json\/wp\/v2\/media?parent=185462"}],"wp:term":[{"taxonomy":"product_cat","embeddable":true,"href":"https:\/\/www.livrariarema.com.br\/loja\/wp-json\/wp\/v2\/product_cat?post=185462"},{"taxonomy":"product_tag","embeddable":true,"href":"https:\/\/www.livrariarema.com.br\/loja\/wp-json\/wp\/v2\/product_tag?post=185462"}],"curies":[{"name":"wp","href":"https:\/\/api.w.org\/{rel}","templated":true}]}}