{"id":185478,"date":"2022-09-27T11:21:46","date_gmt":"2022-09-27T14:21:46","guid":{"rendered":"https:\/\/www.livrariarema.com.br\/loja\/produtos\/sem%20categoria\/teologia-conhecendo-a-deus-marty-machowski\/"},"modified":"2026-01-07T11:31:56","modified_gmt":"2026-01-07T14:31:56","slug":"teologia-conhecendo-a-deus-marty-machowski","status":"publish","type":"product","link":"https:\/\/www.livrariarema.com.br\/loja\/produtos\/livros\/juvenil\/teologia-conhecendo-a-deus-marty-machowski\/","title":{"rendered":"Teologia &#8211; Conhecendo A Deus &#8211; Marty Machowski"},"content":{"rendered":"<p>No por\u00e3o da velha catedral de pedra, Carla e Tim\u00f3teo encontram um tesouro que muda a vida deles: um livro antigo, cuidadosamente embrulhado, conhecido como Teologia &#8211; Conhecendo a Deus. As crian\u00e7as descobrem esse belo livro de hist\u00f3rias ilustrado, cheio de aventuras, mist\u00e9rios e ensinos maravilhosos o qual os leva \u00e0 verdade sobre Deus, sobre eles pr\u00f3prios e sobre o mundo ao seu redor.<\/p>\n<p>Teologia &#8211; Conhecendo a Deus, com ilustra\u00e7\u00f5es e linguagem simples, ajuda o p\u00fablico infanto-juvenil a conhecer o Deus da B\u00edblia e Seus atributos de maneira descomplicada e clara. Este vers\u00e1til recurso inclui adapta\u00e7\u00f5es integradas para uso com crian\u00e7as, pr\u00e9-adolescentes e adolescentes, de modo que fam\u00edlias inteiras possam ser beneficiadas. Este livro \u00e9 um presente para seus filhos que repercutir\u00e1 por toda a vida, pois apresenta uma base s\u00f3lida quanto \u00e0s transformadoras verdades b\u00edblicas que os levar\u00e1 ao Deus que os ama e se entregou por eles.<\/p>\n<p>MARTY MACHOWSKI \u00e9 pastoe e autor de livros e de estudos do evangelho para crian\u00e7as, fam\u00edlias e igrejas. Ele ama passar tempo com a esposa e os filhos. Marty \u00e9 um artista talentoso, art\u00edfice e apaixonado pela natureza, por\u00e9m seu maior amor \u00e9 o Senhor Jesus Cristo e a proclama\u00e7\u00e3o da mensagem do evangelho, que transforma vidas, \u00e0s pr\u00f3ximas gera\u00e7\u00f5es.<\/p>\n<p>ANDY MCGUIRE \u00e9 escritor, ilustrador e editor. Andy mora em Minnesota com sua esposa, Becky, e seus dois filhos, Charlie e Jane.<\/p>\n<p>RECOMENDA\u00c7\u00c3O<br \/>\n&#8220;Adoro bons livros infantis, e este \u00e9 realmente lindo, tanto em palavras quanto em imagens. Machowski encontra as crian\u00e7as onde elas est\u00e3o e lhes conta a maior hist\u00f3ria de todas. A melhor parte \u00e9 que \u00e9 verdade!&#8221;<br \/>\nDR. JOEL R. BEEKE<\/p>\n","protected":false},"excerpt":{"rendered":"<p>No por\u00e3o da velha catedral de pedra, Carla e Tim\u00f3teo encontram um tesouro que muda a vida deles: um livro&hellip;<\/p>\n","protected":false},"featured_media":342723,"comment_status":"open","ping_status":"closed","template":"","meta":[],"product_cat":[184,134],"product_tag":[],"_links":{"self":[{"href":"https:\/\/www.livrariarema.com.br\/loja\/wp-json\/wp\/v2\/product\/185478"}],"collection":[{"href":"https:\/\/www.livrariarema.com.br\/loja\/wp-json\/wp\/v2\/product"}],"about":[{"href":"https:\/\/www.livrariarema.com.br\/loja\/wp-json\/wp\/v2\/types\/product"}],"replies":[{"embeddable":true,"href":"https:\/\/www.livrariarema.com.br\/loja\/wp-json\/wp\/v2\/comments?post=185478"}],"wp:featuredmedia":[{"embeddable":true,"href":"https:\/\/www.livrariarema.com.br\/loja\/wp-json\/wp\/v2\/media\/342723"}],"wp:attachment":[{"href":"https:\/\/www.livrariarema.com.br\/loja\/wp-json\/wp\/v2\/media?parent=185478"}],"wp:term":[{"taxonomy":"product_cat","embeddable":true,"href":"https:\/\/www.livrariarema.com.br\/loja\/wp-json\/wp\/v2\/product_cat?post=185478"},{"taxonomy":"product_tag","embeddable":true,"href":"https:\/\/www.livrariarema.com.br\/loja\/wp-json\/wp\/v2\/product_tag?post=185478"}],"curies":[{"name":"wp","href":"https:\/\/api.w.org\/{rel}","templated":true}]}}