{"id":185484,"date":"2022-09-27T11:22:01","date_gmt":"2022-09-27T14:22:01","guid":{"rendered":"https:\/\/www.livrariarema.com.br\/loja\/produtos\/sem%20categoria\/dia-a-dia-com-moody-couro\/"},"modified":"2026-01-22T11:52:07","modified_gmt":"2026-01-22T14:52:07","slug":"dia-a-dia-com-moody-couro","status":"publish","type":"product","link":"https:\/\/www.livrariarema.com.br\/loja\/produtos\/livros\/devocional\/dia-a-dia-com-moody-couro\/","title":{"rendered":"Dia A Dia Com Moody &#8211; Couro"},"content":{"rendered":"<p>&#8220;Precisamos ler nossa B\u00edblia, fazer estudos b\u00edblicos, serm\u00f5es e aulas b\u00edblicas, para que possamos nos apossar da Palavra de Deus.&#8221;<br \/>\nDWIGHT L. MOODY<\/p>\n<p>Por que Deus usou tanto Dwight Moody? Qual era o segredo do seu sucesso? Essas s\u00e3o perguntas que at\u00e9 hoje s\u00e3o feitas por aqueles que se dedicam a conhecer a vida e o trabalho desse grande evangelista, que trabalhou intensamente na segunda metade do s\u00e9culo 19. O pastor Reuben A. Torrey (1856-1928), amigo e companheiro de minist\u00e9rio de Moody, disse que o segredo estava no fato de que Moody considerava que &#8220;.o poder pertence a Deus.&#8221; (SALMO 62:11). Por isso, ele se rendeu a Deus completamente.<\/p>\n<p>Essa profunda convic\u00e7\u00e3o sobre o poder de Deus e sua consequente rendi\u00e7\u00e3o a Ele podem ser encontradas em suas palavras, expressas em seus livros e prega\u00e7\u00f5es. N\u00e3o havia outro assunto para Moody com tamanha import\u00e2ncia. Por isso, as palavras desse autor continuam atuais e podem nos oferecer uma reflex\u00e3o simples, mas profunda, sobre a f\u00e9 no Deus das Escrituras como fato mais importante de nossa vida.<\/p>\n<p>Dia a dia com Moody cont\u00e9m um ano de leituras devocionais, selecionadas para trazer a voc\u00ea reflex\u00f5es profundas desse grande pregador. Nelas, voc\u00ea encontrar\u00e1 temas como vida de ora\u00e7\u00e3o, evangeliza\u00e7\u00e3o, minist\u00e9rio crist\u00e3o, prega\u00e7\u00e3o, atualidade e confiabilidade da B\u00edblia, santidade, testemunho crist\u00e3o, poder do Esp\u00edrito Santo, amor de Deus, sacrif\u00edcio de Cristo, entre outros.<\/p>\n<p>Elaboradas a partir de trechos das obras originais de Dwight Moody e de colet\u00e2neas de mensagens e textos biogr\u00e1ficos, estas medita\u00e7\u00f5es di\u00e1rias s\u00e3o uma inspira\u00e7\u00e3o para a vida crist\u00e3 e b\u00fassola de encorajamento para a salva\u00e7\u00e3o e a vida eterna com Deus. Seja inspirado pela obra desse servo de Deus que, com esp\u00edrito empreendedor, energia f\u00edsica, ast\u00facia, autoconfian\u00e7a e otimismo, impactou a vida de milhares de pessoas.<\/p>\n","protected":false},"excerpt":{"rendered":"<p>&#8220;Precisamos ler nossa B\u00edblia, fazer estudos b\u00edblicos, serm\u00f5es e aulas b\u00edblicas, para que possamos nos apossar da Palavra de Deus.&#8221;&hellip;<\/p>\n","protected":false},"featured_media":266512,"comment_status":"open","ping_status":"closed","template":"","meta":[],"product_cat":[158,134],"product_tag":[],"_links":{"self":[{"href":"https:\/\/www.livrariarema.com.br\/loja\/wp-json\/wp\/v2\/product\/185484"}],"collection":[{"href":"https:\/\/www.livrariarema.com.br\/loja\/wp-json\/wp\/v2\/product"}],"about":[{"href":"https:\/\/www.livrariarema.com.br\/loja\/wp-json\/wp\/v2\/types\/product"}],"replies":[{"embeddable":true,"href":"https:\/\/www.livrariarema.com.br\/loja\/wp-json\/wp\/v2\/comments?post=185484"}],"wp:featuredmedia":[{"embeddable":true,"href":"https:\/\/www.livrariarema.com.br\/loja\/wp-json\/wp\/v2\/media\/266512"}],"wp:attachment":[{"href":"https:\/\/www.livrariarema.com.br\/loja\/wp-json\/wp\/v2\/media?parent=185484"}],"wp:term":[{"taxonomy":"product_cat","embeddable":true,"href":"https:\/\/www.livrariarema.com.br\/loja\/wp-json\/wp\/v2\/product_cat?post=185484"},{"taxonomy":"product_tag","embeddable":true,"href":"https:\/\/www.livrariarema.com.br\/loja\/wp-json\/wp\/v2\/product_tag?post=185484"}],"curies":[{"name":"wp","href":"https:\/\/api.w.org\/{rel}","templated":true}]}}