{"id":185572,"date":"2022-09-27T12:10:55","date_gmt":"2022-09-27T15:10:55","guid":{"rendered":"https:\/\/www.livrariarema.com.br\/loja\/produtos\/sem categoria\/conexao-universitaria-52-reflexoes-de-universitarios-para-universitarios-2\/"},"modified":"2025-09-30T11:22:16","modified_gmt":"2025-09-30T14:22:16","slug":"conexao-universitaria-52-reflexoes-de-universitarios-para-universitarios-2","status":"publish","type":"product","link":"https:\/\/www.livrariarema.com.br\/loja\/produtos\/livros\/devocional\/conexao-universitaria-52-reflexoes-de-universitarios-para-universitarios-2\/","title":{"rendered":"Conex\u00e3o Universit\u00e1ria &#8211; 52 Reflex\u00f5es De Universit\u00e1rios Para Universit\u00e1rios"},"content":{"rendered":"<p>Conex\u00e3o Universit\u00e1ria, \u00e9 um livro Escrito por jovens universit\u00e1rios para jovens universit\u00e1rios, a obra \u00e9 resultado de esfor\u00e7os para manter a unidade crist\u00e3 nos ambientes acad\u00eamicos.  <\/p>\n<p>Diferentes l\u00edderes de diversos cursos escreveram devocionais semanais para os grupos crist\u00e3os, dentro desse contexto, com o objetivo de ajudar os jovens a caminhar com Deus, entender Seus des\u00edgnios e agir conforme a Sua vontade soberana.  <\/p>\n<p>A Rede Universit\u00e1ria \u00e9 a conex\u00e3o entre grupos crist\u00e3os, em ambientes de ensino regular e acad\u00eamico, formada por jovens de diferentes denomina\u00e7\u00f5es, a Rede promove a vis\u00e3o do Reino de Deus e busca a aproxima\u00e7\u00e3o entre as igrejas e outras institui\u00e7\u00f5es da sociedade, pois entende e acredita que cada pessoa. <\/p>\n<p>&#8211; O livro cont\u00e9m 52 reflex\u00f5es de universit\u00e1rios para universit\u00e1rios. <\/p>\n","protected":false},"excerpt":{"rendered":"<p>Conex\u00e3o Universit\u00e1ria, \u00e9 um livro Escrito por jovens universit\u00e1rios para jovens universit\u00e1rios, a obra \u00e9 resultado de esfor\u00e7os para manter&hellip;<\/p>\n","protected":false},"featured_media":321863,"comment_status":"open","ping_status":"closed","template":"","meta":[],"product_cat":[158,134],"product_tag":[],"_links":{"self":[{"href":"https:\/\/www.livrariarema.com.br\/loja\/wp-json\/wp\/v2\/product\/185572"}],"collection":[{"href":"https:\/\/www.livrariarema.com.br\/loja\/wp-json\/wp\/v2\/product"}],"about":[{"href":"https:\/\/www.livrariarema.com.br\/loja\/wp-json\/wp\/v2\/types\/product"}],"replies":[{"embeddable":true,"href":"https:\/\/www.livrariarema.com.br\/loja\/wp-json\/wp\/v2\/comments?post=185572"}],"wp:featuredmedia":[{"embeddable":true,"href":"https:\/\/www.livrariarema.com.br\/loja\/wp-json\/wp\/v2\/media\/321863"}],"wp:attachment":[{"href":"https:\/\/www.livrariarema.com.br\/loja\/wp-json\/wp\/v2\/media?parent=185572"}],"wp:term":[{"taxonomy":"product_cat","embeddable":true,"href":"https:\/\/www.livrariarema.com.br\/loja\/wp-json\/wp\/v2\/product_cat?post=185572"},{"taxonomy":"product_tag","embeddable":true,"href":"https:\/\/www.livrariarema.com.br\/loja\/wp-json\/wp\/v2\/product_tag?post=185572"}],"curies":[{"name":"wp","href":"https:\/\/api.w.org\/{rel}","templated":true}]}}