{"id":185887,"date":"2022-09-29T11:11:13","date_gmt":"2022-09-29T14:11:13","guid":{"rendered":"https:\/\/www.livrariarema.com.br\/loja\/produtos\/sem categoria\/mulheres-improvaveis-viviane-martinello\/"},"modified":"2026-01-12T15:14:25","modified_gmt":"2026-01-12T18:14:25","slug":"mulheres-improvaveis-viviane-martinello","status":"publish","type":"product","link":"https:\/\/www.livrariarema.com.br\/loja\/produtos\/livros\/mulher\/mulheres-improvaveis-viviane-martinello\/","title":{"rendered":"Mulheres Improv\u00e1veis &#8211; Viviane Martinello"},"content":{"rendered":"<p>Voc\u00ea se sente uma mulher improv\u00e1vel? Saiba que voc\u00ea \u00e9 e, por isso, foi escolhida por Deus!<br \/>\nDeus quer que voc\u00ea se torne forte e corajosa. Mesmo que todas as circunst\u00e2ncias digam que voc\u00ea n\u00e3o \u00e9 capaz, o Senhor, por meio do seu amor e cuidado, capacitar\u00e1 e desenvolver\u00e1 voc\u00ea para grandes projetos.<br \/>\nA pastora e mentora Viviane Martinello traz, em Mulheres improv\u00e1veis, palavras de sabedoria sobre como Deus \u00e9 especialista em mudar destinos e transformar cora\u00e7\u00f5es.<br \/>\nN\u00e3o tente entender as escolhas de Deus. Descubra que dentro de voc\u00ea h\u00e1 preciosidades escondidas por ele que precisam ser reveladas.<br \/>\nEsta \u00e9 a hora das improv\u00e1veis. Deus conta com voc\u00ea!<\/p>\n","protected":false},"excerpt":{"rendered":"<p>Voc\u00ea se sente uma mulher improv\u00e1vel? Saiba que voc\u00ea \u00e9 e, por isso, foi escolhida por Deus! Deus quer que&hellip;<\/p>\n","protected":false},"featured_media":342726,"comment_status":"open","ping_status":"closed","template":"","meta":[],"product_cat":[134,170],"product_tag":[],"_links":{"self":[{"href":"https:\/\/www.livrariarema.com.br\/loja\/wp-json\/wp\/v2\/product\/185887"}],"collection":[{"href":"https:\/\/www.livrariarema.com.br\/loja\/wp-json\/wp\/v2\/product"}],"about":[{"href":"https:\/\/www.livrariarema.com.br\/loja\/wp-json\/wp\/v2\/types\/product"}],"replies":[{"embeddable":true,"href":"https:\/\/www.livrariarema.com.br\/loja\/wp-json\/wp\/v2\/comments?post=185887"}],"wp:featuredmedia":[{"embeddable":true,"href":"https:\/\/www.livrariarema.com.br\/loja\/wp-json\/wp\/v2\/media\/342726"}],"wp:attachment":[{"href":"https:\/\/www.livrariarema.com.br\/loja\/wp-json\/wp\/v2\/media?parent=185887"}],"wp:term":[{"taxonomy":"product_cat","embeddable":true,"href":"https:\/\/www.livrariarema.com.br\/loja\/wp-json\/wp\/v2\/product_cat?post=185887"},{"taxonomy":"product_tag","embeddable":true,"href":"https:\/\/www.livrariarema.com.br\/loja\/wp-json\/wp\/v2\/product_tag?post=185887"}],"curies":[{"name":"wp","href":"https:\/\/api.w.org\/{rel}","templated":true}]}}