{"id":185953,"date":"2022-09-29T15:09:59","date_gmt":"2022-09-29T18:09:59","guid":{"rendered":"https:\/\/www.livrariarema.com.br\/loja\/produtos\/sem categoria\/caderno-colegial-168-folhas-planner-cadersil-day-dream\/"},"modified":"2024-07-24T06:01:32","modified_gmt":"2024-07-24T09:01:32","slug":"caderno-colegial-168-folhas-planner-cadersil-day-dream","status":"publish","type":"product","link":"https:\/\/www.livrariarema.com.br\/loja\/produtos\/papelaria\/caderno\/caderno-colegial-168-folhas-planner-cadersil-day-dream\/","title":{"rendered":"Caderno Colegial 168 Folhas + Planner &#8211; Cadersil &#8211; Day Dream"},"content":{"rendered":"<p>Diferenciais:<br \/>\nBolsa pocket, cartela de adesivos, editorial, divis\u00f3rias de mat\u00e9rias, calend\u00e1rio 3 anos, folha pontilhada e quadriculada, planejamento anual, planejamento mensal, folhas pautadas com microsserrilhas e espiral dourado.<\/p>\n<p>Informa\u00e7\u00f5es T\u00e9cnicas:<br \/>\n10 mat\u00e9rias com espiral &#8211; 168 folhas<br \/>\nVendido separadamente<br \/>\nVerificar disponibilidade de capas<\/p>\n","protected":false},"excerpt":{"rendered":"<p>Diferenciais: Bolsa pocket, cartela de adesivos, editorial, divis\u00f3rias de mat\u00e9rias, calend\u00e1rio 3 anos, folha pontilhada e quadriculada, planejamento anual, planejamento&hellip;<\/p>\n","protected":false},"featured_media":232349,"comment_status":"open","ping_status":"closed","template":"","meta":[],"product_cat":[230,215],"product_tag":[],"_links":{"self":[{"href":"https:\/\/www.livrariarema.com.br\/loja\/wp-json\/wp\/v2\/product\/185953"}],"collection":[{"href":"https:\/\/www.livrariarema.com.br\/loja\/wp-json\/wp\/v2\/product"}],"about":[{"href":"https:\/\/www.livrariarema.com.br\/loja\/wp-json\/wp\/v2\/types\/product"}],"replies":[{"embeddable":true,"href":"https:\/\/www.livrariarema.com.br\/loja\/wp-json\/wp\/v2\/comments?post=185953"}],"wp:featuredmedia":[{"embeddable":true,"href":"https:\/\/www.livrariarema.com.br\/loja\/wp-json\/wp\/v2\/media\/232349"}],"wp:attachment":[{"href":"https:\/\/www.livrariarema.com.br\/loja\/wp-json\/wp\/v2\/media?parent=185953"}],"wp:term":[{"taxonomy":"product_cat","embeddable":true,"href":"https:\/\/www.livrariarema.com.br\/loja\/wp-json\/wp\/v2\/product_cat?post=185953"},{"taxonomy":"product_tag","embeddable":true,"href":"https:\/\/www.livrariarema.com.br\/loja\/wp-json\/wp\/v2\/product_tag?post=185953"}],"curies":[{"name":"wp","href":"https:\/\/api.w.org\/{rel}","templated":true}]}}