{"id":185957,"date":"2022-09-29T15:10:16","date_gmt":"2022-09-29T18:10:16","guid":{"rendered":"https:\/\/www.livrariarema.com.br\/loja\/produtos\/sem%20categoria\/caderno-colegial-80-folhas-cadersil-natus\/"},"modified":"2026-03-18T13:10:53","modified_gmt":"2026-03-18T16:10:53","slug":"caderno-colegial-80-folhas-cadersil-natus","status":"publish","type":"product","link":"https:\/\/www.livrariarema.com.br\/loja\/produtos\/papelaria\/caderno\/caderno-colegial-80-folhas-cadersil-natus\/","title":{"rendered":"Caderno Colegial 80 Folhas &#8211; Cadersil &#8211; Natus"},"content":{"rendered":"<p>Diferenciais:<br \/>\nBolsa pocket, cartela de adesivos, editorial, divis\u00f3rias de mat\u00e9rias, miolo com microsserrilhas e espiral dourado.<\/p>\n<p>Informa\u00e7\u00f5es T\u00e9cnicas:<br \/>\n1 mat\u00e9ria com espiral &#8211; 80 folhas<br \/>\n<Br><br \/>\nVendido individualmente<br \/>\nEnviado de acordo com a disponiblidade em estoque<\/p>\n","protected":false},"excerpt":{"rendered":"<p>Diferenciais: Bolsa pocket, cartela de adesivos, editorial, divis\u00f3rias de mat\u00e9rias, miolo com microsserrilhas e espiral dourado. Informa\u00e7\u00f5es T\u00e9cnicas: 1 mat\u00e9ria&hellip;<\/p>\n","protected":false},"featured_media":336476,"comment_status":"open","ping_status":"closed","template":"","meta":[],"product_cat":[230,215],"product_tag":[],"_links":{"self":[{"href":"https:\/\/www.livrariarema.com.br\/loja\/wp-json\/wp\/v2\/product\/185957"}],"collection":[{"href":"https:\/\/www.livrariarema.com.br\/loja\/wp-json\/wp\/v2\/product"}],"about":[{"href":"https:\/\/www.livrariarema.com.br\/loja\/wp-json\/wp\/v2\/types\/product"}],"replies":[{"embeddable":true,"href":"https:\/\/www.livrariarema.com.br\/loja\/wp-json\/wp\/v2\/comments?post=185957"}],"wp:featuredmedia":[{"embeddable":true,"href":"https:\/\/www.livrariarema.com.br\/loja\/wp-json\/wp\/v2\/media\/336476"}],"wp:attachment":[{"href":"https:\/\/www.livrariarema.com.br\/loja\/wp-json\/wp\/v2\/media?parent=185957"}],"wp:term":[{"taxonomy":"product_cat","embeddable":true,"href":"https:\/\/www.livrariarema.com.br\/loja\/wp-json\/wp\/v2\/product_cat?post=185957"},{"taxonomy":"product_tag","embeddable":true,"href":"https:\/\/www.livrariarema.com.br\/loja\/wp-json\/wp\/v2\/product_tag?post=185957"}],"curies":[{"name":"wp","href":"https:\/\/api.w.org\/{rel}","templated":true}]}}