{"id":185960,"date":"2022-09-29T15:10:25","date_gmt":"2022-09-29T18:10:25","guid":{"rendered":"https:\/\/www.livrariarema.com.br\/loja\/produtos\/sem categoria\/caderno-colegial-240-folhas-cadersil-natus\/"},"modified":"2024-11-06T12:03:45","modified_gmt":"2024-11-06T15:03:45","slug":"caderno-colegial-240-folhas-cadersil-natus","status":"publish","type":"product","link":"https:\/\/www.livrariarema.com.br\/loja\/produtos\/papelaria\/caderno\/caderno-colegial-240-folhas-cadersil-natus\/","title":{"rendered":"Caderno Colegial 240 Folhas &#8211; Cadersil &#8211; Natus"},"content":{"rendered":"<p>Diferenciais:<br \/>\nBolsa pocket, cartela de adesivos, editorial, divis\u00f3rias de mat\u00e9rias, miolo com microsserrilhas e espiral dourado.<\/p>\n<p>Informa\u00e7\u00f5es T\u00e9cnicas:<br \/>\n15 mat\u00e9rias com espiral &#8211; 240 folhas<\/p>\n<p>Vendido individualmente<br \/>\nVerificar disponibilidade de capas<\/p>\n","protected":false},"excerpt":{"rendered":"<p>Diferenciais: Bolsa pocket, cartela de adesivos, editorial, divis\u00f3rias de mat\u00e9rias, miolo com microsserrilhas e espiral dourado. Informa\u00e7\u00f5es T\u00e9cnicas: 15 mat\u00e9rias&hellip;<\/p>\n","protected":false},"featured_media":251428,"comment_status":"open","ping_status":"closed","template":"","meta":[],"product_cat":[230,215],"product_tag":[],"_links":{"self":[{"href":"https:\/\/www.livrariarema.com.br\/loja\/wp-json\/wp\/v2\/product\/185960"}],"collection":[{"href":"https:\/\/www.livrariarema.com.br\/loja\/wp-json\/wp\/v2\/product"}],"about":[{"href":"https:\/\/www.livrariarema.com.br\/loja\/wp-json\/wp\/v2\/types\/product"}],"replies":[{"embeddable":true,"href":"https:\/\/www.livrariarema.com.br\/loja\/wp-json\/wp\/v2\/comments?post=185960"}],"wp:featuredmedia":[{"embeddable":true,"href":"https:\/\/www.livrariarema.com.br\/loja\/wp-json\/wp\/v2\/media\/251428"}],"wp:attachment":[{"href":"https:\/\/www.livrariarema.com.br\/loja\/wp-json\/wp\/v2\/media?parent=185960"}],"wp:term":[{"taxonomy":"product_cat","embeddable":true,"href":"https:\/\/www.livrariarema.com.br\/loja\/wp-json\/wp\/v2\/product_cat?post=185960"},{"taxonomy":"product_tag","embeddable":true,"href":"https:\/\/www.livrariarema.com.br\/loja\/wp-json\/wp\/v2\/product_tag?post=185960"}],"curies":[{"name":"wp","href":"https:\/\/api.w.org\/{rel}","templated":true}]}}