{"id":185976,"date":"2022-09-29T15:11:11","date_gmt":"2022-09-29T18:11:11","guid":{"rendered":"https:\/\/www.livrariarema.com.br\/loja\/produtos\/sem categoria\/caderno-colegial-240-folhas-cadersil-aba-pai\/"},"modified":"2024-10-11T10:37:50","modified_gmt":"2024-10-11T13:37:50","slug":"caderno-colegial-240-folhas-cadersil-aba-pai","status":"publish","type":"product","link":"https:\/\/www.livrariarema.com.br\/loja\/produtos\/papelaria\/caderno\/caderno-colegial-240-folhas-cadersil-aba-pai\/","title":{"rendered":"Caderno Colegial 240 Folhas &#8211; Cadersil &#8211; Aba Pai"},"content":{"rendered":"<p>Diferenciais:<br \/>\nBolsa pocket, cartela de adesivos, editorial, divis\u00f3rias de mat\u00e9rias, miolo com microsserrilhas e espiral dourado.<\/p>\n<p>Informa\u00e7\u00f5es T\u00e9cnicas:<br \/>\n15 mat\u00e9rias com espiral &#8211; 240 folhas<br \/>\nVendido individualmente<br \/>\nVerificar disponibilidade de capas<\/p>\n","protected":false},"excerpt":{"rendered":"<p>Diferenciais: Bolsa pocket, cartela de adesivos, editorial, divis\u00f3rias de mat\u00e9rias, miolo com microsserrilhas e espiral dourado. Informa\u00e7\u00f5es T\u00e9cnicas: 15 mat\u00e9rias&hellip;<\/p>\n","protected":false},"featured_media":245382,"comment_status":"open","ping_status":"closed","template":"","meta":[],"product_cat":[230,215],"product_tag":[],"_links":{"self":[{"href":"https:\/\/www.livrariarema.com.br\/loja\/wp-json\/wp\/v2\/product\/185976"}],"collection":[{"href":"https:\/\/www.livrariarema.com.br\/loja\/wp-json\/wp\/v2\/product"}],"about":[{"href":"https:\/\/www.livrariarema.com.br\/loja\/wp-json\/wp\/v2\/types\/product"}],"replies":[{"embeddable":true,"href":"https:\/\/www.livrariarema.com.br\/loja\/wp-json\/wp\/v2\/comments?post=185976"}],"wp:featuredmedia":[{"embeddable":true,"href":"https:\/\/www.livrariarema.com.br\/loja\/wp-json\/wp\/v2\/media\/245382"}],"wp:attachment":[{"href":"https:\/\/www.livrariarema.com.br\/loja\/wp-json\/wp\/v2\/media?parent=185976"}],"wp:term":[{"taxonomy":"product_cat","embeddable":true,"href":"https:\/\/www.livrariarema.com.br\/loja\/wp-json\/wp\/v2\/product_cat?post=185976"},{"taxonomy":"product_tag","embeddable":true,"href":"https:\/\/www.livrariarema.com.br\/loja\/wp-json\/wp\/v2\/product_tag?post=185976"}],"curies":[{"name":"wp","href":"https:\/\/api.w.org\/{rel}","templated":true}]}}