{"id":186487,"date":"2022-09-30T17:21:21","date_gmt":"2022-09-30T20:21:21","guid":{"rendered":"https:\/\/www.livrariarema.com.br\/loja\/produtos\/sem%20categoria\/entendes-o-que-les-4a-edicao-gordon-d-fee-e-douglas-stuart\/"},"modified":"2026-04-28T14:20:17","modified_gmt":"2026-04-28T17:20:17","slug":"entendes-o-que-les-4a-edicao-gordon-d-fee-e-douglas-stuart","status":"publish","type":"product","link":"https:\/\/www.livrariarema.com.br\/loja\/produtos\/livros\/teologia\/entendes-o-que-les-4a-edicao-gordon-d-fee-e-douglas-stuart\/","title":{"rendered":"Entendes O Que L\u00eas? (4\u00aa Edi\u00e7\u00e3o) &#8211; Gordon D. Fee E Douglas Stuart"},"content":{"rendered":"<p>&#8220;Entendes o que l\u00eas?&#8221; Essa pergunta foi feita por Filipe, h\u00e1 muitos anos, a um eunuco, alto oficial da rainha da Eti\u00f3pia, que estava lendo o livro de Isa\u00edas sem nada compreender. Em Atos, Lucas revela a resposta desafiante do eunuco: &#8220;Como posso entender se n\u00e3o h\u00e1 ningu\u00e9m para me explicar?&#8221;.<\/p>\n<p>O tempo passou e o desafio permanece, pois n\u00e3o s\u00e3o poucos que, a exemplo do eunuco, admitem n\u00e3o conseguir entender a B\u00edblia. Foi pensando nessas pessoas que Gordon Fee e Douglas Stuart escreveram este livro.<\/p>\n<p>Nesta quarta edi\u00e7\u00e3o, o texto foi atualizado segundo os recursos e estudos mais recentes. As altera\u00e7\u00f5es incluem:<\/p>\n<p>Linguagem atualizada para melhorar a facilidade de leitura.<br \/>\nAs refer\u00eancias b\u00edblicas agora aparecem somente entre par\u00eanteses no final das frases ou dos par\u00e1grafos, ajudando o leitor a ler a B\u00edblia como se estivesse lendo qualquer outro livro  sem os n\u00fameros no meio das frases.<br \/>\nDiagramas redesenhados e atualizados.<br \/>\nLista atualizada de coment\u00e1rios e recursos de estudo recomendados.<\/p>\n","protected":false},"excerpt":{"rendered":"<p>&#8220;Entendes o que l\u00eas?&#8221; Essa pergunta foi feita por Filipe, h\u00e1 muitos anos, a um eunuco, alto oficial da rainha&hellip;<\/p>\n","protected":false},"featured_media":344930,"comment_status":"open","ping_status":"closed","template":"","meta":[],"product_cat":[134,136],"product_tag":[],"_links":{"self":[{"href":"https:\/\/www.livrariarema.com.br\/loja\/wp-json\/wp\/v2\/product\/186487"}],"collection":[{"href":"https:\/\/www.livrariarema.com.br\/loja\/wp-json\/wp\/v2\/product"}],"about":[{"href":"https:\/\/www.livrariarema.com.br\/loja\/wp-json\/wp\/v2\/types\/product"}],"replies":[{"embeddable":true,"href":"https:\/\/www.livrariarema.com.br\/loja\/wp-json\/wp\/v2\/comments?post=186487"}],"wp:featuredmedia":[{"embeddable":true,"href":"https:\/\/www.livrariarema.com.br\/loja\/wp-json\/wp\/v2\/media\/344930"}],"wp:attachment":[{"href":"https:\/\/www.livrariarema.com.br\/loja\/wp-json\/wp\/v2\/media?parent=186487"}],"wp:term":[{"taxonomy":"product_cat","embeddable":true,"href":"https:\/\/www.livrariarema.com.br\/loja\/wp-json\/wp\/v2\/product_cat?post=186487"},{"taxonomy":"product_tag","embeddable":true,"href":"https:\/\/www.livrariarema.com.br\/loja\/wp-json\/wp\/v2\/product_tag?post=186487"}],"curies":[{"name":"wp","href":"https:\/\/api.w.org\/{rel}","templated":true}]}}