{"id":186507,"date":"2022-09-30T17:22:02","date_gmt":"2022-09-30T20:22:02","guid":{"rendered":"https:\/\/www.livrariarema.com.br\/loja\/produtos\/sem categoria\/mesmas-palavras-universos-distintos-leonardo-de-chirico\/"},"modified":"2026-02-20T13:24:40","modified_gmt":"2026-02-20T16:24:40","slug":"mesmas-palavras-universos-distintos-leonardo-de-chirico","status":"publish","type":"product","link":"https:\/\/www.livrariarema.com.br\/loja\/produtos\/promocao\/livros-promocao\/mesmas-palavras-universos-distintos-leonardo-de-chirico\/","title":{"rendered":"Mesmas Palavras, Universos Distintos &#8211; Leonardo De Chirico"},"content":{"rendered":"<p>Protestantes evang\u00e9licos e cat\u00f3licos romanos compartilham a mesma f\u00e9?<\/p>\n<p>Ser\u00e1 que suas incontorn\u00e1veis diferen\u00e7as teol\u00f3gicas revelam que, apesar de serem chamados de crist\u00e3os, na verdade, n\u00e3o pregam o mesmo evangelho?<\/p>\n<p>Leonardo De Chirico, estudioso renomado tanto da teologia cat\u00f3lica quanto da evang\u00e9lica, apresenta uma clara e profunda reflex\u00e3o sobre a quest\u00e3o de cat\u00f3licos e evang\u00e9licos comungarem ou n\u00e3o da mesma mensagem. Embora as palavras usadas para compreender o evangelho sejam as mesmas, elas divergem drasticamente nas quest\u00f5es fundamentais da teologia.<\/p>\n<p>A partir de uma an\u00e1lise criteriosa, De Chirico oferece uma cr\u00edtica arguta e bem fundamentada da mariologia, da intercess\u00e3o dos santos, do purgat\u00f3rio e da infalibilidade papal. Em sua vis\u00e3o, a teologia cat\u00f3lica n\u00e3o \u00e9 fiel ao evangelho, e, por isso, a Reforma deve continuar protestando ainda hoje.<\/p>\n","protected":false},"excerpt":{"rendered":"<p>Protestantes evang\u00e9licos e cat\u00f3licos romanos compartilham a mesma f\u00e9? Ser\u00e1 que suas incontorn\u00e1veis diferen\u00e7as teol\u00f3gicas revelam que, apesar de serem&hellip;<\/p>\n","protected":false},"featured_media":345038,"comment_status":"open","ping_status":"closed","template":"","meta":[],"product_cat":[143,142],"product_tag":[],"_links":{"self":[{"href":"https:\/\/www.livrariarema.com.br\/loja\/wp-json\/wp\/v2\/product\/186507"}],"collection":[{"href":"https:\/\/www.livrariarema.com.br\/loja\/wp-json\/wp\/v2\/product"}],"about":[{"href":"https:\/\/www.livrariarema.com.br\/loja\/wp-json\/wp\/v2\/types\/product"}],"replies":[{"embeddable":true,"href":"https:\/\/www.livrariarema.com.br\/loja\/wp-json\/wp\/v2\/comments?post=186507"}],"wp:featuredmedia":[{"embeddable":true,"href":"https:\/\/www.livrariarema.com.br\/loja\/wp-json\/wp\/v2\/media\/345038"}],"wp:attachment":[{"href":"https:\/\/www.livrariarema.com.br\/loja\/wp-json\/wp\/v2\/media?parent=186507"}],"wp:term":[{"taxonomy":"product_cat","embeddable":true,"href":"https:\/\/www.livrariarema.com.br\/loja\/wp-json\/wp\/v2\/product_cat?post=186507"},{"taxonomy":"product_tag","embeddable":true,"href":"https:\/\/www.livrariarema.com.br\/loja\/wp-json\/wp\/v2\/product_tag?post=186507"}],"curies":[{"name":"wp","href":"https:\/\/api.w.org\/{rel}","templated":true}]}}