{"id":186875,"date":"2022-10-03T11:44:38","date_gmt":"2022-10-03T14:44:38","guid":{"rendered":"https:\/\/www.livrariarema.com.br\/loja\/produtos\/sem categoria\/de-maria-ate-nos-debora-otoni\/"},"modified":"2026-03-28T09:40:30","modified_gmt":"2026-03-28T12:40:30","slug":"de-maria-ate-nos-debora-otoni","status":"publish","type":"product","link":"https:\/\/www.livrariarema.com.br\/loja\/produtos\/livros\/biografia\/de-maria-ate-nos-debora-otoni\/","title":{"rendered":"De Maria At\u00e9 N\u00f3s &#8211; Debora Otoni"},"content":{"rendered":"<p>Existem as grandes hist\u00f3rias: aquelas com H mai\u00fasculo que aprendemos nos livros e escolas. Mas existem tamb\u00e9m milh\u00f5es de outras narrativas menos conhecidas que aguardam, nas prateleiras da Hist\u00f3ria, uma oportunidade para serem redescobertas.<br \/>\nEm De Maria at\u00e9 n\u00f3s, um grupo diverso de escritoras se re\u00fane com a miss\u00e3o de elaborar e reimaginar as hist\u00f3rias das mulheres do Novo Testamento, dando continuidade ao trabalho iniciado em De Eva a Ester. Algumas dessas mulheres s\u00e3o conhecidas por todos n\u00f3s. Outras, sequer tiveram seus nomes citados nas Escrituras. No entanto, suas vidas testemunham o agir de Deus na hist\u00f3ria de cada um de seus filhos, por mais comum que sua exist\u00eancia pare\u00e7a.<Br><br \/>\n<Br><br \/>\nO leitor encontrar\u00e1 aqui textos apresentados de maneira \u00fanica, com o objetivo de (re)lembrar que na grande hist\u00f3ria do Eterno h\u00e1 mulheres. Muitas mulheres! Famosas, desconhecidas, errantes, assertivas, medrosas ou cheias de coragem. De Maria at\u00e9 n\u00f3s oferece n\u00e3o apenas uma nova perspectiva sobre narrativas j\u00e1 conhecidas, mas tamb\u00e9m um olhar cheio de frescor e esperan\u00e7a para as nossas pr\u00f3prias hist\u00f3rias individuais.<\/p>\n","protected":false},"excerpt":{"rendered":"<p>Existem as grandes hist\u00f3rias: aquelas com H mai\u00fasculo que aprendemos nos livros e escolas. Mas existem tamb\u00e9m milh\u00f5es de outras&hellip;<\/p>\n","protected":false},"featured_media":343387,"comment_status":"open","ping_status":"closed","template":"","meta":[],"product_cat":[181,134],"product_tag":[],"_links":{"self":[{"href":"https:\/\/www.livrariarema.com.br\/loja\/wp-json\/wp\/v2\/product\/186875"}],"collection":[{"href":"https:\/\/www.livrariarema.com.br\/loja\/wp-json\/wp\/v2\/product"}],"about":[{"href":"https:\/\/www.livrariarema.com.br\/loja\/wp-json\/wp\/v2\/types\/product"}],"replies":[{"embeddable":true,"href":"https:\/\/www.livrariarema.com.br\/loja\/wp-json\/wp\/v2\/comments?post=186875"}],"wp:featuredmedia":[{"embeddable":true,"href":"https:\/\/www.livrariarema.com.br\/loja\/wp-json\/wp\/v2\/media\/343387"}],"wp:attachment":[{"href":"https:\/\/www.livrariarema.com.br\/loja\/wp-json\/wp\/v2\/media?parent=186875"}],"wp:term":[{"taxonomy":"product_cat","embeddable":true,"href":"https:\/\/www.livrariarema.com.br\/loja\/wp-json\/wp\/v2\/product_cat?post=186875"},{"taxonomy":"product_tag","embeddable":true,"href":"https:\/\/www.livrariarema.com.br\/loja\/wp-json\/wp\/v2\/product_tag?post=186875"}],"curies":[{"name":"wp","href":"https:\/\/api.w.org\/{rel}","templated":true}]}}